{"id":293,"date":"2023-10-12T13:17:32","date_gmt":"2023-10-12T19:17:32","guid":{"rendered":"https:\/\/fctech.pderaswebsites.com\/?page_id=293"},"modified":"2025-06-17T11:13:19","modified_gmt":"2025-06-17T17:13:19","slug":"fc-service-portal","status":"publish","type":"page","link":"https:\/\/fctech.ca\/fr\/fc-service-portal\/","title":{"rendered":"FC Service Portal"},"content":{"rendered":"<div data-elementor-type=\"wp-page\" data-elementor-id=\"293\" class=\"elementor elementor-293\" data-elementor-post-type=\"page\">\n\t\t\t\t<div data-particle_enable=\"false\" data-particle-mobile-disabled=\"false\" class=\"elementor-element elementor-element-6888f6ff e-flex e-con-boxed e-con e-parent\" data-id=\"6888f6ff\" data-element_type=\"container\" data-settings=\"{&quot;background_background&quot;:&quot;classic&quot;}\">\n\t\t\t\t\t<div class=\"e-con-inner\">\n\t\t<div data-particle_enable=\"false\" data-particle-mobile-disabled=\"false\" class=\"elementor-element elementor-element-19250e44 e-con-full e-flex e-con e-child\" data-id=\"19250e44\" data-element_type=\"container\">\n\t\t\t\t<div class=\"elementor-element elementor-element-cb3c937 animated-slow elementor-invisible elementor-widget elementor-widget-heading\" data-id=\"cb3c937\" data-element_type=\"widget\" data-settings=\"{&quot;_animation&quot;:&quot;fadeInLeft&quot;}\" data-widget_type=\"heading.default\">\n\t\t\t\t<div class=\"elementor-widget-container\">\n\t\t\t\t\t<h2 class=\"elementor-heading-title elementor-size-default\">Processus de demande de r\u00e8glement en ligne simple et efficace<\/h2>\t\t\t\t<\/div>\n\t\t\t\t<\/div>\n\t\t\t\t<div class=\"elementor-element elementor-element-232ee853 animated-slow elementor-invisible elementor-widget elementor-widget-text-editor\" data-id=\"232ee853\" data-element_type=\"widget\" data-settings=\"{&quot;_animation&quot;:&quot;fadeInLeft&quot;,&quot;_animation_delay&quot;:500}\" data-widget_type=\"text-editor.default\">\n\t\t\t\t<div class=\"elementor-widget-container\">\n\t\t\t\t\t\t\t\t\t<p><span style=\"font-weight: 400;\">Soumettez et g\u00e9rez facilement les demandes de r\u00e8glement pour nos produits de protection automobile en regroupant toutes les communications et tous les documents relatifs aux demandes. La soumission simplifi\u00e9e des demandes de r\u00e8glement, le suivi en temps r\u00e9el et l'efficacit\u00e9 accrue offrent une exp\u00e9rience de gestion des demandes de r\u00e8glement sans tracas.<\/span><\/p>\t\t\t\t\t\t\t\t<\/div>\n\t\t\t\t<\/div>\n\t\t\t\t<\/div>\n\t\t<div data-particle_enable=\"false\" data-particle-mobile-disabled=\"false\" class=\"elementor-element elementor-element-40f80bb6 e-con-full e-flex e-con e-child\" data-id=\"40f80bb6\" data-element_type=\"container\">\n\t\t\t\t<div class=\"elementor-element elementor-element-dc27bfc elementor-align-center elementor-widget elementor-widget-lottie\" data-id=\"dc27bfc\" data-element_type=\"widget\" data-settings=\"{&quot;source_json&quot;:{&quot;url&quot;:&quot;https:\\\/\\\/fctech.ca\\\/wp-content\\\/uploads\\\/2024\\\/05\\\/FC-Claims-Layered.json&quot;,&quot;id&quot;:691,&quot;size&quot;:&quot;&quot;,&quot;alt&quot;:&quot;&quot;,&quot;source&quot;:&quot;library&quot;},&quot;loop&quot;:&quot;yes&quot;,&quot;play_speed&quot;:{&quot;unit&quot;:&quot;px&quot;,&quot;size&quot;:0.7,&quot;sizes&quot;:[]},&quot;lazyload&quot;:&quot;yes&quot;,&quot;source&quot;:&quot;media_file&quot;,&quot;caption_source&quot;:&quot;none&quot;,&quot;link_to&quot;:&quot;none&quot;,&quot;trigger&quot;:&quot;arriving_to_viewport&quot;,&quot;viewport&quot;:{&quot;unit&quot;:&quot;%&quot;,&quot;size&quot;:&quot;&quot;,&quot;sizes&quot;:{&quot;start&quot;:0,&quot;end&quot;:100}},&quot;start_point&quot;:{&quot;unit&quot;:&quot;%&quot;,&quot;size&quot;:0,&quot;sizes&quot;:[]},&quot;end_point&quot;:{&quot;unit&quot;:&quot;%&quot;,&quot;size&quot;:100,&quot;sizes&quot;:[]},&quot;renderer&quot;:&quot;svg&quot;}\" data-widget_type=\"lottie.default\">\n\t\t\t\t<div class=\"elementor-widget-container\">\n\t\t\t\t\t<div class=\"e-lottie__container\"><div class=\"e-lottie__animation\"><\/div><\/div>\t\t\t\t<\/div>\n\t\t\t\t<\/div>\n\t\t\t\t<\/div>\n\t\t\t\t\t<\/div>\n\t\t\t\t<\/div>\n\t\t<div data-particle_enable=\"false\" data-particle-mobile-disabled=\"false\" class=\"elementor-element elementor-element-70700d6e e-flex e-con-boxed e-con e-parent\" data-id=\"70700d6e\" data-element_type=\"container\" data-settings=\"{&quot;background_background&quot;:&quot;gradient&quot;}\">\n\t\t\t\t\t<div class=\"e-con-inner\">\n\t\t\t\t<div class=\"elementor-element elementor-element-52b8add3 elementor-invisible elementor-widget elementor-widget-image\" data-id=\"52b8add3\" data-element_type=\"widget\" data-settings=\"{&quot;_animation&quot;:&quot;fadeInUp&quot;}\" data-widget_type=\"image.default\">\n\t\t\t\t<div class=\"elementor-widget-container\">\n\t\t\t\t\t\t\t\t\t\t\t\t\t\t\t<img fetchpriority=\"high\" decoding=\"async\" width=\"1920\" height=\"1080\" src=\"https:\/\/fctech.ca\/wp-content\/uploads\/2025\/06\/FC-Tech-2.jpg\" class=\"attachment-full size-full wp-image-1354\" alt=\"\" srcset=\"https:\/\/fctech.ca\/wp-content\/uploads\/2025\/06\/FC-Tech-2.jpg 1920w, https:\/\/fctech.ca\/wp-content\/uploads\/2025\/06\/FC-Tech-2-300x169.jpg 300w, https:\/\/fctech.ca\/wp-content\/uploads\/2025\/06\/FC-Tech-2-1024x576.jpg 1024w, https:\/\/fctech.ca\/wp-content\/uploads\/2025\/06\/FC-Tech-2-768x432.jpg 768w, https:\/\/fctech.ca\/wp-content\/uploads\/2025\/06\/FC-Tech-2-1536x864.jpg 1536w\" sizes=\"(max-width: 1920px) 100vw, 1920px\" \/>\t\t\t\t\t\t\t\t\t\t\t\t\t\t\t<\/div>\n\t\t\t\t<\/div>\n\t\t\t\t\t<\/div>\n\t\t\t\t<\/div>\n\t\t<div data-particle_enable=\"false\" data-particle-mobile-disabled=\"false\" class=\"elementor-element elementor-element-9999a1f e-flex e-con-boxed e-con e-parent\" data-id=\"9999a1f\" data-element_type=\"container\">\n\t\t\t\t\t<div class=\"e-con-inner\">\n\t\t<div data-particle_enable=\"false\" data-particle-mobile-disabled=\"false\" class=\"elementor-element elementor-element-82b019a e-con-full e-flex e-con e-child\" data-id=\"82b019a\" data-element_type=\"container\">\n\t\t\t\t<div class=\"elementor-element elementor-element-26c3207 animated-slow elementor-invisible elementor-widget elementor-widget-heading\" data-id=\"26c3207\" data-element_type=\"widget\" data-settings=\"{&quot;_animation&quot;:&quot;fadeInLeft&quot;}\" data-widget_type=\"heading.default\">\n\t\t\t\t<div class=\"elementor-widget-container\">\n\t\t\t\t\t<h2 class=\"elementor-heading-title elementor-size-default\">Caract\u00e9ristiques principales<\/h2>\t\t\t\t<\/div>\n\t\t\t\t<\/div>\n\t\t\t\t<div class=\"elementor-element elementor-element-a83e1a1 animated-slow elementor-invisible elementor-widget elementor-widget-eael-feature-list\" data-id=\"a83e1a1\" data-element_type=\"widget\" data-settings=\"{&quot;_animation&quot;:&quot;fadeInLeft&quot;}\" data-widget_type=\"eael-feature-list.default\">\n\t\t\t\t<div class=\"elementor-widget-container\">\n\t\t\t\t\t\t\t<div class=\"-icon-position-left -tablet-icon-position-left -mobile-icon-position-left\">\n\t\t\t<ul id=\"eael-feature-list-a83e1a1\" class=\"eael-feature-list-items rhombus stacked  eael-feature-list-vertical\">\n\t\t\t                <li class=\"eael-feature-list-item elementor-repeater-item-469ea15\">\n                    \n\t\t\t\t\t\t<div class=\"eael-feature-list-icon-box\">\n\t\t\t\t\t\t\t<div class=\"eael-feature-list-icon-inner\">\n\n\t\t\t\t\t\t\t\t<span class=\"eael-feature-list-icon fl-icon-0\">\n\n\t\t<i aria-hidden=\"true\" class=\"fas fa-check\"><\/i>\t\t\t\t\t\t\t\t<\/span>\n\t\t\t\t\t\t\t<\/div>\n\t\t\t\t\t\t<\/div>\n\t\t\t\t\t\t<div class=\"eael-feature-list-content-box\">\n                            <h4 class=\"eael-feature-list-title\">Gestion centralis\u00e9e des demandes de r\u00e8glement<\/h4>\t\t\t\t\t\t<p class=\"eael-feature-list-content\">Visualisez toutes les activit\u00e9s de l'\u00e9quipe de service en un coup d'\u0153il, par concessionnaire, par demandeur ou pour l'ensemble du groupe.\n<\/p>\n\t\t\t\t\t\t<\/div>\n\n\t\t\t\t\t<\/li>\n\t\t\t\t                <li class=\"eael-feature-list-item elementor-repeater-item-5685e49\">\n                    \n\t\t\t\t\t\t<div class=\"eael-feature-list-icon-box\">\n\t\t\t\t\t\t\t<div class=\"eael-feature-list-icon-inner\">\n\n\t\t\t\t\t\t\t\t<span class=\"eael-feature-list-icon fl-icon-1\">\n\n\t\t<i aria-hidden=\"true\" class=\"fas fa-check\"><\/i>\t\t\t\t\t\t\t\t<\/span>\n\t\t\t\t\t\t\t<\/div>\n\t\t\t\t\t\t<\/div>\n\t\t\t\t\t\t<div class=\"eael-feature-list-content-box\">\n                            <h4 class=\"eael-feature-list-title\">Suivi en temps r\u00e9el<\/h4>\t\t\t\t\t\t<p class=\"eael-feature-list-content\">Restez inform\u00e9 gr\u00e2ce au statut en temps r\u00e9el, aux \u00e9l\u00e9ments en suspens et aux confirmations de paiement.<\/p>\n\t\t\t\t\t\t<\/div>\n\n\t\t\t\t\t<\/li>\n\t\t\t\t                <li class=\"eael-feature-list-item elementor-repeater-item-5c754a4\">\n                    \n\t\t\t\t\t\t<div class=\"eael-feature-list-icon-box\">\n\t\t\t\t\t\t\t<div class=\"eael-feature-list-icon-inner\">\n\n\t\t\t\t\t\t\t\t<span class=\"eael-feature-list-icon fl-icon-2\">\n\n\t\t<i aria-hidden=\"true\" class=\"fas fa-check\"><\/i>\t\t\t\t\t\t\t\t<\/span>\n\t\t\t\t\t\t\t<\/div>\n\t\t\t\t\t\t<\/div>\n\t\t\t\t\t\t<div class=\"eael-feature-list-content-box\">\n                            <h4 class=\"eael-feature-list-title\">Paiement instantan\u00e9<\/h4>\t\t\t\t\t\t<p class=\"eael-feature-list-content\">Les paiements par carte de cr\u00e9dit virtuelle facultatifs permettent de r\u00e9gler instantan\u00e9ment les co\u00fbts de r\u00e9paration, \u00e9liminant ainsi le besoin de passer par les comptes d\u00e9biteurs.\n<\/p>\n\t\t\t\t\t\t<\/div>\n\n\t\t\t\t\t<\/li>\n\t\t\t\t\t\t\t<\/ul>\n\t\t<\/div>\n\t\t\t\t\t\t<\/div>\n\t\t\t\t<\/div>\n\t\t\t\t<\/div>\n\t\t<div data-particle_enable=\"false\" data-particle-mobile-disabled=\"false\" class=\"elementor-element elementor-element-7e6ed7e e-con-full e-flex e-con e-child\" data-id=\"7e6ed7e\" data-element_type=\"container\">\n\t\t\t\t<div class=\"elementor-element elementor-element-9120d48 animated-slow elementor-invisible elementor-widget elementor-widget-image\" data-id=\"9120d48\" data-element_type=\"widget\" data-settings=\"{&quot;_animation&quot;:&quot;fadeInRight&quot;}\" data-widget_type=\"image.default\">\n\t\t\t\t<div class=\"elementor-widget-container\">\n\t\t\t\t\t\t\t\t\t\t\t\t\t\t\t<img decoding=\"async\" src=\"https:\/\/fctech.ca\/wp-content\/uploads\/2025\/03\/2-4.jpg\" title=\"\" alt=\"\" loading=\"lazy\" \/>\t\t\t\t\t\t\t\t\t\t\t\t\t\t\t<\/div>\n\t\t\t\t<\/div>\n\t\t\t\t<\/div>\n\t\t\t\t\t<\/div>\n\t\t\t\t<\/div>\n\t\t\t\t<\/div>","protected":false},"excerpt":{"rendered":"<p>Easy and effective online claims process Submit and manage claims for our vehicle protection products with ease by consolidating all claims communication and documentation. Simplify claims submission, real-time tracking, and enhanced efficiency, provides a hassle-free claims management experience. Key Features Centralized Claims Management View all service team activities at a glance, by store, service writer, [&hellip;]<\/p>","protected":false},"author":1,"featured_media":0,"parent":0,"menu_order":0,"comment_status":"closed","ping_status":"closed","template":"","meta":{"footnotes":""},"class_list":["post-293","page","type-page","status-publish","hentry"],"_links":{"self":[{"href":"https:\/\/fctech.ca\/fr\/wp-json\/wp\/v2\/pages\/293","targetHints":{"allow":["GET"]}}],"collection":[{"href":"https:\/\/fctech.ca\/fr\/wp-json\/wp\/v2\/pages"}],"about":[{"href":"https:\/\/fctech.ca\/fr\/wp-json\/wp\/v2\/types\/page"}],"author":[{"embeddable":true,"href":"https:\/\/fctech.ca\/fr\/wp-json\/wp\/v2\/users\/1"}],"replies":[{"embeddable":true,"href":"https:\/\/fctech.ca\/fr\/wp-json\/wp\/v2\/comments?post=293"}],"version-history":[{"count":56,"href":"https:\/\/fctech.ca\/fr\/wp-json\/wp\/v2\/pages\/293\/revisions"}],"predecessor-version":[{"id":1357,"href":"https:\/\/fctech.ca\/fr\/wp-json\/wp\/v2\/pages\/293\/revisions\/1357"}],"wp:attachment":[{"href":"https:\/\/fctech.ca\/fr\/wp-json\/wp\/v2\/media?parent=293"}],"curies":[{"name":"wp","href":"https:\/\/api.w.org\/{rel}","templated":true}]}}