{"id":291,"date":"2023-10-12T13:17:19","date_gmt":"2023-10-12T19:17:19","guid":{"rendered":"https:\/\/fctech.pderaswebsites.com\/?page_id=291"},"modified":"2025-09-03T10:29:33","modified_gmt":"2025-09-03T16:29:33","slug":"fc-academy","status":"publish","type":"page","link":"https:\/\/fctech.ca\/fr\/fc-academy\/","title":{"rendered":"Acad\u00e9mie FC"},"content":{"rendered":"<div data-elementor-type=\"wp-page\" data-elementor-id=\"291\" class=\"elementor elementor-291\" data-elementor-post-type=\"page\">\n\t\t\t\t<div data-particle_enable=\"false\" data-particle-mobile-disabled=\"false\" class=\"elementor-element elementor-element-5957f4b e-flex e-con-boxed e-con e-parent\" data-id=\"5957f4b\" data-element_type=\"container\" data-settings=\"{&quot;background_background&quot;:&quot;classic&quot;}\">\n\t\t\t\t\t<div class=\"e-con-inner\">\n\t\t<div data-particle_enable=\"false\" data-particle-mobile-disabled=\"false\" class=\"elementor-element elementor-element-3edbf08 e-con-full e-flex e-con e-child\" data-id=\"3edbf08\" data-element_type=\"container\">\n\t\t\t\t<div class=\"elementor-element elementor-element-a4b9a18 animated-slow elementor-invisible elementor-widget elementor-widget-heading\" data-id=\"a4b9a18\" data-element_type=\"widget\" data-settings=\"{&quot;_animation&quot;:&quot;fadeInLeft&quot;}\" data-widget_type=\"heading.default\">\n\t\t\t\t<div class=\"elementor-widget-container\">\n\t\t\t\t\t<h2 class=\"elementor-heading-title elementor-size-default\">Votre acc\u00e8s illimit\u00e9 \u00e0 nos programmes multim\u00e9dias enrichis de formation et de d\u00e9veloppement<\/h2>\t\t\t\t<\/div>\n\t\t\t\t<\/div>\n\t\t\t\t<div class=\"elementor-element elementor-element-7cd759c animated-slow elementor-invisible elementor-widget elementor-widget-text-editor\" data-id=\"7cd759c\" data-element_type=\"widget\" data-settings=\"{&quot;_animation&quot;:&quot;fadeInLeft&quot;,&quot;_animation_delay&quot;:500}\" data-widget_type=\"text-editor.default\">\n\t\t\t\t<div class=\"elementor-widget-container\">\n\t\t\t\t\t\t\t\t\t<p><span style=\"font-weight: 400;\">Am\u00e9liorez la performance du concessionnaire gr\u00e2ce \u00e0 notre syst\u00e8me dynamique de gestion de l'apprentissage en ligne, qui fournit \u00e0 votre \u00e9quipe des formations et des ressources. Nos programmes posent les bases du succ\u00e8s de votre \u00e9quipe, lui permettant ainsi de s'\u00e9panouir dans ses fonctions.<\/span><\/p>\t\t\t\t\t\t\t\t<\/div>\n\t\t\t\t<\/div>\n\t\t\t\t<\/div>\n\t\t<div data-particle_enable=\"false\" data-particle-mobile-disabled=\"false\" class=\"elementor-element elementor-element-caf5b42 e-con-full e-flex e-con e-child\" data-id=\"caf5b42\" data-element_type=\"container\">\n\t\t\t\t<div class=\"elementor-element elementor-element-2ef3173 elementor-align-center elementor-widget elementor-widget-lottie\" data-id=\"2ef3173\" data-element_type=\"widget\" data-settings=\"{&quot;source_json&quot;:{&quot;url&quot;:&quot;https:\\\/\\\/fctech.ca\\\/wp-content\\\/uploads\\\/2024\\\/05\\\/FC-Academy.json&quot;,&quot;id&quot;:684,&quot;size&quot;:&quot;&quot;,&quot;alt&quot;:&quot;&quot;,&quot;source&quot;:&quot;library&quot;},&quot;loop&quot;:&quot;yes&quot;,&quot;play_speed&quot;:{&quot;unit&quot;:&quot;px&quot;,&quot;size&quot;:0.7,&quot;sizes&quot;:[]},&quot;lazyload&quot;:&quot;yes&quot;,&quot;source&quot;:&quot;media_file&quot;,&quot;caption_source&quot;:&quot;none&quot;,&quot;link_to&quot;:&quot;none&quot;,&quot;trigger&quot;:&quot;arriving_to_viewport&quot;,&quot;viewport&quot;:{&quot;unit&quot;:&quot;%&quot;,&quot;size&quot;:&quot;&quot;,&quot;sizes&quot;:{&quot;start&quot;:0,&quot;end&quot;:100}},&quot;start_point&quot;:{&quot;unit&quot;:&quot;%&quot;,&quot;size&quot;:0,&quot;sizes&quot;:[]},&quot;end_point&quot;:{&quot;unit&quot;:&quot;%&quot;,&quot;size&quot;:100,&quot;sizes&quot;:[]},&quot;renderer&quot;:&quot;svg&quot;}\" data-widget_type=\"lottie.default\">\n\t\t\t\t<div class=\"elementor-widget-container\">\n\t\t\t\t\t<div class=\"e-lottie__container\"><div class=\"e-lottie__animation\"><\/div><\/div>\t\t\t\t<\/div>\n\t\t\t\t<\/div>\n\t\t\t\t<\/div>\n\t\t\t\t\t<\/div>\n\t\t\t\t<\/div>\n\t\t<div data-particle_enable=\"false\" data-particle-mobile-disabled=\"false\" class=\"elementor-element elementor-element-66cba551 animated-slow e-flex e-con-boxed e-con e-parent\" data-id=\"66cba551\" data-element_type=\"container\" data-settings=\"{&quot;background_background&quot;:&quot;gradient&quot;,&quot;animation&quot;:&quot;none&quot;}\">\n\t\t\t\t\t<div class=\"e-con-inner\">\n\t\t\t\t<div class=\"elementor-element elementor-element-3cf0ed7b elementor-invisible elementor-widget elementor-widget-image\" data-id=\"3cf0ed7b\" data-element_type=\"widget\" data-settings=\"{&quot;_animation&quot;:&quot;fadeInUp&quot;}\" data-widget_type=\"image.default\">\n\t\t\t\t<div class=\"elementor-widget-container\">\n\t\t\t\t\t\t\t\t\t\t\t\t\t\t\t<img fetchpriority=\"high\" decoding=\"async\" width=\"2531\" height=\"943\" src=\"https:\/\/fctech.ca\/wp-content\/uploads\/2025\/08\/FC-Academy.png\" class=\"attachment-full size-full wp-image-1364\" alt=\"\" srcset=\"https:\/\/fctech.ca\/wp-content\/uploads\/2025\/08\/FC-Academy.png 2531w, https:\/\/fctech.ca\/wp-content\/uploads\/2025\/08\/FC-Academy-300x112.png 300w, https:\/\/fctech.ca\/wp-content\/uploads\/2025\/08\/FC-Academy-1024x382.png 1024w, https:\/\/fctech.ca\/wp-content\/uploads\/2025\/08\/FC-Academy-768x286.png 768w, https:\/\/fctech.ca\/wp-content\/uploads\/2025\/08\/FC-Academy-1536x572.png 1536w, https:\/\/fctech.ca\/wp-content\/uploads\/2025\/08\/FC-Academy-2048x763.png 2048w\" sizes=\"(max-width: 2531px) 100vw, 2531px\" \/>\t\t\t\t\t\t\t\t\t\t\t\t\t\t\t<\/div>\n\t\t\t\t<\/div>\n\t\t\t\t\t<\/div>\n\t\t\t\t<\/div>\n\t\t<div data-particle_enable=\"false\" data-particle-mobile-disabled=\"false\" class=\"elementor-element elementor-element-7cbb559 e-flex e-con-boxed e-con e-parent\" data-id=\"7cbb559\" data-element_type=\"container\">\n\t\t\t\t\t<div class=\"e-con-inner\">\n\t\t<div data-particle_enable=\"false\" data-particle-mobile-disabled=\"false\" class=\"elementor-element elementor-element-95a291f e-flex e-con-boxed e-con e-child\" data-id=\"95a291f\" data-element_type=\"container\">\n\t\t\t\t\t<div class=\"e-con-inner\">\n\t\t\t\t<div class=\"elementor-element elementor-element-67370b1 animated-slow elementor-invisible elementor-widget elementor-widget-heading\" data-id=\"67370b1\" data-element_type=\"widget\" data-settings=\"{&quot;_animation&quot;:&quot;fadeInLeft&quot;}\" data-widget_type=\"heading.default\">\n\t\t\t\t<div class=\"elementor-widget-container\">\n\t\t\t\t\t<h2 class=\"elementor-heading-title elementor-size-default\">Formation et d\u00e9veloppement<\/h2>\t\t\t\t<\/div>\n\t\t\t\t<\/div>\n\t\t\t\t<div class=\"elementor-element elementor-element-0aa6983 elementor-invisible elementor-widget elementor-widget-text-editor\" data-id=\"0aa6983\" data-element_type=\"widget\" data-settings=\"{&quot;_animation&quot;:&quot;fadeInLeft&quot;}\" data-widget_type=\"text-editor.default\">\n\t\t\t\t<div class=\"elementor-widget-container\">\n\t\t\t\t\t\t\t\t\t<p><span style=\"font-weight: 400;\">D\u00e9couvrez une vaste gamme de ressources et de cours captivants, m\u00e9ticuleusement con\u00e7us pour optimiser la performance du concessionnaire. Notre plateforme conviviale garantit une navigation facile pour tous les niveaux de personnel. Gr\u00e2ce \u00e0 des modules dirig\u00e9s par des experts en vente, service et gestion, nous proposons des formations cibl\u00e9es pour am\u00e9liorer les comp\u00e9tences et stimuler la performance du concessionnaire, avec le soutien des plus grands professionnels du secteur.<\/span><\/p>\t\t\t\t\t\t\t\t<\/div>\n\t\t\t\t<\/div>\n\t\t<div data-particle_enable=\"false\" data-particle-mobile-disabled=\"false\" class=\"elementor-element elementor-element-9436ad4 e-grid e-con-full e-con e-child\" data-id=\"9436ad4\" data-element_type=\"container\">\n\t\t\t\t<div class=\"elementor-element elementor-element-b6eac98 animated-slow elementor-invisible elementor-widget elementor-widget-eael-feature-list\" data-id=\"b6eac98\" data-element_type=\"widget\" data-settings=\"{&quot;_animation&quot;:&quot;fadeInRight&quot;}\" data-widget_type=\"eael-feature-list.default\">\n\t\t\t\t<div class=\"elementor-widget-container\">\n\t\t\t\t\t\t\t<div class=\"-icon-position-left -tablet-icon-position-left -mobile-icon-position-left\">\n\t\t\t<ul id=\"eael-feature-list-b6eac98\" class=\"eael-feature-list-items rhombus stacked  eael-feature-list-vertical\">\n\t\t\t                <li class=\"eael-feature-list-item elementor-repeater-item-2d89570\">\n                    \n\t\t\t\t\t\t<div class=\"eael-feature-list-icon-box\">\n\t\t\t\t\t\t\t<div class=\"eael-feature-list-icon-inner\">\n\n\t\t\t\t\t\t\t\t<span class=\"eael-feature-list-icon fl-icon-0\">\n\n\t\t<i aria-hidden=\"true\" class=\"fas fa-check\"><\/i>\t\t\t\t\t\t\t\t<\/span>\n\t\t\t\t\t\t\t<\/div>\n\t\t\t\t\t\t<\/div>\n\t\t\t\t\t\t<div class=\"eael-feature-list-content-box\">\n                            <h4 class=\"eael-feature-list-title\">Formation en libre-service en ligne<\/h4>\t\t\t\t\t\t<p class=\"eael-feature-list-content\">Acc\u00e9dez instantan\u00e9ment \u00e0 des outils de pointe, \u00e0 des formations et \u00e0 des programmes de d\u00e9veloppement des comp\u00e9tences pour l'ensemble de votre personnel variable.\n<\/p>\n\t\t\t\t\t\t<\/div>\n\n\t\t\t\t\t<\/li>\n\t\t\t\t                <li class=\"eael-feature-list-item elementor-repeater-item-1d697d0\">\n                    \n\t\t\t\t\t\t<div class=\"eael-feature-list-icon-box\">\n\t\t\t\t\t\t\t<div class=\"eael-feature-list-icon-inner\">\n\n\t\t\t\t\t\t\t\t<span class=\"eael-feature-list-icon fl-icon-1\">\n\n\t\t<i aria-hidden=\"true\" class=\"fas fa-check\"><\/i>\t\t\t\t\t\t\t\t<\/span>\n\t\t\t\t\t\t\t<\/div>\n\t\t\t\t\t\t<\/div>\n\t\t\t\t\t\t<div class=\"eael-feature-list-content-box\">\n                            <h4 class=\"eael-feature-list-title\">Tests int\u00e9gr\u00e9s pour garantir la ma\u00eetrise des comp\u00e9tences<\/h4>\t\t\t\t\t\t<p class=\"eael-feature-list-content\"><\/p>\n\t\t\t\t\t\t<\/div>\n\n\t\t\t\t\t<\/li>\n\t\t\t\t                <li class=\"eael-feature-list-item elementor-repeater-item-d014036\">\n                    \n\t\t\t\t\t\t<div class=\"eael-feature-list-icon-box\">\n\t\t\t\t\t\t\t<div class=\"eael-feature-list-icon-inner\">\n\n\t\t\t\t\t\t\t\t<span class=\"eael-feature-list-icon fl-icon-2\">\n\n\t\t<i aria-hidden=\"true\" class=\"fas fa-check\"><\/i>\t\t\t\t\t\t\t\t<\/span>\n\t\t\t\t\t\t\t<\/div>\n\t\t\t\t\t\t<\/div>\n\t\t\t\t\t\t<div class=\"eael-feature-list-content-box\">\n                            <h4 class=\"eael-feature-list-title\">Suivi de l'ach\u00e8vement pour responsabiliser le personnel<\/h4>\t\t\t\t\t\t<p class=\"eael-feature-list-content\"><\/p>\n\t\t\t\t\t\t<\/div>\n\n\t\t\t\t\t<\/li>\n\t\t\t\t\t\t\t<\/ul>\n\t\t<\/div>\n\t\t\t\t\t\t<\/div>\n\t\t\t\t<\/div>\n\t\t\t\t<div class=\"elementor-element elementor-element-0d7c77f animated-slow elementor-invisible elementor-widget elementor-widget-eael-feature-list\" data-id=\"0d7c77f\" data-element_type=\"widget\" data-settings=\"{&quot;_animation&quot;:&quot;fadeInRight&quot;}\" data-widget_type=\"eael-feature-list.default\">\n\t\t\t\t<div class=\"elementor-widget-container\">\n\t\t\t\t\t\t\t<div class=\"-icon-position-left -tablet-icon-position-left -mobile-icon-position-left\">\n\t\t\t<ul id=\"eael-feature-list-0d7c77f\" class=\"eael-feature-list-items rhombus stacked  eael-feature-list-vertical\">\n\t\t\t                <li class=\"eael-feature-list-item elementor-repeater-item-76f0315\">\n                    \n\t\t\t\t\t\t<div class=\"eael-feature-list-icon-box\">\n\t\t\t\t\t\t\t<div class=\"eael-feature-list-icon-inner\">\n\n\t\t\t\t\t\t\t\t<span class=\"eael-feature-list-icon fl-icon-0\">\n\n\t\t<i aria-hidden=\"true\" class=\"fas fa-check\"><\/i>\t\t\t\t\t\t\t\t<\/span>\n\t\t\t\t\t\t\t<\/div>\n\t\t\t\t\t\t<\/div>\n\t\t\t\t\t\t<div class=\"eael-feature-list-content-box\">\n                            <h4 class=\"eael-feature-list-title\">Parcours d'apprentissage personnalis\u00e9s<\/h4>\t\t\t\t\t\t<p class=\"eael-feature-list-content\">Adaptez votre formation avec un contenu personnalis\u00e9, en fournissant \u00e0 votre personnel les ressources pertinentes pour am\u00e9liorer ses comp\u00e9tences et ses performances professionnelles.\n<\/p>\n\t\t\t\t\t\t<\/div>\n\n\t\t\t\t\t<\/li>\n\t\t\t\t                <li class=\"eael-feature-list-item elementor-repeater-item-c8f1640\">\n                    \n\t\t\t\t\t\t<div class=\"eael-feature-list-icon-box\">\n\t\t\t\t\t\t\t<div class=\"eael-feature-list-icon-inner\">\n\n\t\t\t\t\t\t\t\t<span class=\"eael-feature-list-icon fl-icon-1\">\n\n\t\t<i aria-hidden=\"true\" class=\"fas fa-check\"><\/i>\t\t\t\t\t\t\t\t<\/span>\n\t\t\t\t\t\t\t<\/div>\n\t\t\t\t\t\t<\/div>\n\t\t\t\t\t\t<div class=\"eael-feature-list-content-box\">\n                            <h4 class=\"eael-feature-list-title\">Augmentez vos performances gr\u00e2ce aux meilleures pratiques du secteur<\/h4>\t\t\t\t\t\t<p class=\"eael-feature-list-content\"><\/p>\n\t\t\t\t\t\t<\/div>\n\n\t\t\t\t\t<\/li>\n\t\t\t\t\t\t\t<\/ul>\n\t\t<\/div>\n\t\t\t\t\t\t<\/div>\n\t\t\t\t<\/div>\n\t\t\t\t<\/div>\n\t\t\t\t\t<\/div>\n\t\t\t\t<\/div>\n\t\t\t\t\t<\/div>\n\t\t\t\t<\/div>\n\t\t<div data-particle_enable=\"false\" data-particle-mobile-disabled=\"false\" class=\"elementor-element elementor-element-719bf34 elementor-hidden-desktop elementor-hidden-tablet elementor-hidden-mobile e-flex e-con-boxed e-con e-parent\" data-id=\"719bf34\" data-element_type=\"container\">\n\t\t\t\t\t<div class=\"e-con-inner\">\n\t\t<div data-particle_enable=\"false\" data-particle-mobile-disabled=\"false\" class=\"elementor-element elementor-element-e1b6240 e-con-full e-flex e-con e-child\" data-id=\"e1b6240\" data-element_type=\"container\">\n\t\t\t\t<div class=\"elementor-element elementor-element-9fd6da1 animated-slow elementor-invisible elementor-widget elementor-widget-heading\" data-id=\"9fd6da1\" data-element_type=\"widget\" data-settings=\"{&quot;_animation&quot;:&quot;fadeInLeft&quot;}\" data-widget_type=\"heading.default\">\n\t\t\t\t<div class=\"elementor-widget-container\">\n\t\t\t\t\t<h2 class=\"elementor-heading-title elementor-size-default\">Core Benefits<\/h2>\t\t\t\t<\/div>\n\t\t\t\t<\/div>\n\t\t\t\t<div class=\"elementor-element elementor-element-2b74ad1 animated-slow elementor-invisible elementor-widget elementor-widget-eael-feature-list\" data-id=\"2b74ad1\" data-element_type=\"widget\" data-settings=\"{&quot;_animation&quot;:&quot;fadeInLeft&quot;}\" data-widget_type=\"eael-feature-list.default\">\n\t\t\t\t<div class=\"elementor-widget-container\">\n\t\t\t\t\t\t\t<div class=\"-icon-position-left -tablet-icon-position-left -mobile-icon-position-left\">\n\t\t\t<ul id=\"eael-feature-list-2b74ad1\" class=\"eael-feature-list-items rhombus stacked  eael-feature-list-vertical\">\n\t\t\t                <li class=\"eael-feature-list-item elementor-repeater-item-469ea15\">\n                    \n\t\t\t\t\t\t<div class=\"eael-feature-list-icon-box\">\n\t\t\t\t\t\t\t<div class=\"eael-feature-list-icon-inner\">\n\n\t\t\t\t\t\t\t\t<span class=\"eael-feature-list-icon fl-icon-0\">\n\n\t\t<i aria-hidden=\"true\" class=\"fas fa-check\"><\/i>\t\t\t\t\t\t\t\t<\/span>\n\t\t\t\t\t\t\t<\/div>\n\t\t\t\t\t\t<\/div>\n\t\t\t\t\t\t<div class=\"eael-feature-list-content-box\">\n                            <h4 class=\"eael-feature-list-title\">Enhanced Team Proficiency<\/h4>\t\t\t\t\t\t<p class=\"eael-feature-list-content\">Our extensive training and development resources, including product knowledge and sales strategies materials, are designed to enhance your team's proficiency and drive results. Invest in your staff's growth and watch your dealership excel with our expert-led courses and materials.\n<\/p>\n\t\t\t\t\t\t<\/div>\n\n\t\t\t\t\t<\/li>\n\t\t\t\t                <li class=\"eael-feature-list-item elementor-repeater-item-5685e49\">\n                    \n\t\t\t\t\t\t<div class=\"eael-feature-list-icon-box\">\n\t\t\t\t\t\t\t<div class=\"eael-feature-list-icon-inner\">\n\n\t\t\t\t\t\t\t\t<span class=\"eael-feature-list-icon fl-icon-1\">\n\n\t\t<i aria-hidden=\"true\" class=\"fas fa-check\"><\/i>\t\t\t\t\t\t\t\t<\/span>\n\t\t\t\t\t\t\t<\/div>\n\t\t\t\t\t\t<\/div>\n\t\t\t\t\t\t<div class=\"eael-feature-list-content-box\">\n                            <h4 class=\"eael-feature-list-title\">Flexible Learning Opportunities<\/h4>\t\t\t\t\t\t<p class=\"eael-feature-list-content\">FC Academy offers flexibility, allowing your team to access training materials anytime, anywhere. This adaptability supports ongoing professional development without disrupting daily operations, facilitating continuous learning and skill enhancement in a convenient, scalable manner.\n<\/p>\n\t\t\t\t\t\t<\/div>\n\n\t\t\t\t\t<\/li>\n\t\t\t\t                <li class=\"eael-feature-list-item elementor-repeater-item-996c8e3\">\n                    \n\t\t\t\t\t\t<div class=\"eael-feature-list-icon-box\">\n\t\t\t\t\t\t\t<div class=\"eael-feature-list-icon-inner\">\n\n\t\t\t\t\t\t\t\t<span class=\"eael-feature-list-icon fl-icon-2\">\n\n\t\t<i aria-hidden=\"true\" class=\"fas fa-check\"><\/i>\t\t\t\t\t\t\t\t<\/span>\n\t\t\t\t\t\t\t<\/div>\n\t\t\t\t\t\t<\/div>\n\t\t\t\t\t\t<div class=\"eael-feature-list-content-box\">\n                            <h4 class=\"eael-feature-list-title\">Analytics and Usage Metrics<\/h4>\t\t\t\t\t\t<p class=\"eael-feature-list-content\">Leverage actionable insights on training effectiveness and engagement. Track progress and performance to make informed decisions and optimize training strategies to drive improvements in staff development. \n\n\n<\/p>\n\t\t\t\t\t\t<\/div>\n\n\t\t\t\t\t<\/li>\n\t\t\t\t\t\t\t<\/ul>\n\t\t<\/div>\n\t\t\t\t\t\t<\/div>\n\t\t\t\t<\/div>\n\t\t\t\t<\/div>\n\t\t<div data-particle_enable=\"false\" data-particle-mobile-disabled=\"false\" class=\"elementor-element elementor-element-a0fa316 e-con-full e-flex e-con e-child\" data-id=\"a0fa316\" data-element_type=\"container\">\n\t\t\t\t<div class=\"elementor-element elementor-element-e33c0ad animated-slow elementor-invisible elementor-widget elementor-widget-image\" data-id=\"e33c0ad\" data-element_type=\"widget\" data-settings=\"{&quot;_animation&quot;:&quot;fadeInRight&quot;}\" data-widget_type=\"image.default\">\n\t\t\t\t<div class=\"elementor-widget-container\">\n\t\t\t\t\t\t\t\t\t\t\t\t\t\t\t<img decoding=\"async\" width=\"568\" height=\"571\" src=\"https:\/\/fctech.ca\/wp-content\/uploads\/2023\/10\/Mask-Group-5.png\" class=\"attachment-full size-full wp-image-264\" alt=\"\" srcset=\"https:\/\/fctech.ca\/wp-content\/uploads\/2023\/10\/Mask-Group-5.png 568w, https:\/\/fctech.ca\/wp-content\/uploads\/2023\/10\/Mask-Group-5-298x300.png 298w, https:\/\/fctech.ca\/wp-content\/uploads\/2023\/10\/Mask-Group-5-150x150.png 150w\" sizes=\"(max-width: 568px) 100vw, 568px\" \/>\t\t\t\t\t\t\t\t\t\t\t\t\t\t\t<\/div>\n\t\t\t\t<\/div>\n\t\t\t\t<\/div>\n\t\t\t\t\t<\/div>\n\t\t\t\t<\/div>\n\t\t\t\t<\/div>","protected":false},"excerpt":{"rendered":"<p>Your All-access Pass to Our Rich Multimedia Training and Development Programs Elevate your dealership\u2019s performance with our dynamic online Learning Management System, which empowers your team with training and resources. Our programs lay the foundation for your team\u2019s success, allowing them to thrive in their roles. Training &amp; Development Explore an extensive library of engaging [&hellip;]<\/p>","protected":false},"author":1,"featured_media":0,"parent":0,"menu_order":0,"comment_status":"closed","ping_status":"closed","template":"","meta":{"footnotes":""},"class_list":["post-291","page","type-page","status-publish","hentry"],"_links":{"self":[{"href":"https:\/\/fctech.ca\/fr\/wp-json\/wp\/v2\/pages\/291","targetHints":{"allow":["GET"]}}],"collection":[{"href":"https:\/\/fctech.ca\/fr\/wp-json\/wp\/v2\/pages"}],"about":[{"href":"https:\/\/fctech.ca\/fr\/wp-json\/wp\/v2\/types\/page"}],"author":[{"embeddable":true,"href":"https:\/\/fctech.ca\/fr\/wp-json\/wp\/v2\/users\/1"}],"replies":[{"embeddable":true,"href":"https:\/\/fctech.ca\/fr\/wp-json\/wp\/v2\/comments?post=291"}],"version-history":[{"count":91,"href":"https:\/\/fctech.ca\/fr\/wp-json\/wp\/v2\/pages\/291\/revisions"}],"predecessor-version":[{"id":1387,"href":"https:\/\/fctech.ca\/fr\/wp-json\/wp\/v2\/pages\/291\/revisions\/1387"}],"wp:attachment":[{"href":"https:\/\/fctech.ca\/fr\/wp-json\/wp\/v2\/media?parent=291"}],"curies":[{"name":"wp","href":"https:\/\/api.w.org\/{rel}","templated":true}]}}