{"id":287,"date":"2023-10-12T13:16:51","date_gmt":"2023-10-12T19:16:51","guid":{"rendered":"https:\/\/fctech.pderaswebsites.com\/?page_id=287"},"modified":"2025-08-26T11:31:57","modified_gmt":"2025-08-26T17:31:57","slug":"fc-secure-sign","status":"publish","type":"page","link":"https:\/\/fctech.ca\/fr\/fc-secure-sign\/","title":{"rendered":"FC Secure Sign"},"content":{"rendered":"<div data-elementor-type=\"wp-page\" data-elementor-id=\"287\" class=\"elementor elementor-287\" data-elementor-post-type=\"page\">\n\t\t\t\t<div data-particle_enable=\"false\" data-particle-mobile-disabled=\"false\" class=\"elementor-element elementor-element-26fe339 e-flex e-con-boxed e-con e-parent\" data-id=\"26fe339\" data-element_type=\"container\" data-settings=\"{&quot;background_background&quot;:&quot;classic&quot;}\">\n\t\t\t\t\t<div class=\"e-con-inner\">\n\t\t<div data-particle_enable=\"false\" data-particle-mobile-disabled=\"false\" class=\"elementor-element elementor-element-da80af4 e-con-full e-flex e-con e-child\" data-id=\"da80af4\" data-element_type=\"container\">\n\t\t\t\t<div class=\"elementor-element elementor-element-125b9c7f animated-slow elementor-invisible elementor-widget elementor-widget-heading\" data-id=\"125b9c7f\" data-element_type=\"widget\" data-settings=\"{&quot;_animation&quot;:&quot;fadeInLeft&quot;}\" data-widget_type=\"heading.default\">\n\t\t\t\t<div class=\"elementor-widget-container\">\n\t\t\t\t\t<h2 class=\"elementor-heading-title elementor-size-default\">Signez \u00e9lectroniquement des documents partout et \u00e0 tout moment<\/h2>\t\t\t\t<\/div>\n\t\t\t\t<\/div>\n\t\t\t\t<div class=\"elementor-element elementor-element-2cd78ea1 animated-slow elementor-invisible elementor-widget elementor-widget-text-editor\" data-id=\"2cd78ea1\" data-element_type=\"widget\" data-settings=\"{&quot;_animation&quot;:&quot;fadeInLeft&quot;,&quot;_animation_delay&quot;:500}\" data-widget_type=\"text-editor.default\">\n\t\t\t\t<div class=\"elementor-widget-container\">\n\t\t\t\t\t\t\t\t\t<p><span style=\"font-weight: 400;\">Naviguez et s\u00e9curisez sans effort vos documents num\u00e9riques gr\u00e2ce \u00e0 la solution ultime de signature \u00e9lectronique. Offrant une int\u00e9gration transparente, une s\u00e9curit\u00e9 avanc\u00e9e et une exp\u00e9rience utilisateur exceptionnelle, FC Secure Sign est con\u00e7u pour r\u00e9pondre aux exigences des concessionnaires modernes.<\/span><\/p>\t\t\t\t\t\t\t\t<\/div>\n\t\t\t\t<\/div>\n\t\t\t\t<\/div>\n\t\t<div data-particle_enable=\"false\" data-particle-mobile-disabled=\"false\" class=\"elementor-element elementor-element-19975e4c e-con-full e-flex e-con e-child\" data-id=\"19975e4c\" data-element_type=\"container\">\n\t\t\t\t<div class=\"elementor-element elementor-element-55387f6 elementor-align-center elementor-widget elementor-widget-lottie\" data-id=\"55387f6\" data-element_type=\"widget\" data-settings=\"{&quot;source_json&quot;:{&quot;url&quot;:&quot;https:\\\/\\\/fctech.ca\\\/wp-content\\\/uploads\\\/2024\\\/05\\\/Secure-Sign-R1.json&quot;,&quot;id&quot;:888,&quot;size&quot;:&quot;&quot;,&quot;alt&quot;:&quot;&quot;,&quot;source&quot;:&quot;library&quot;},&quot;loop&quot;:&quot;yes&quot;,&quot;play_speed&quot;:{&quot;unit&quot;:&quot;px&quot;,&quot;size&quot;:0.7,&quot;sizes&quot;:[]},&quot;lazyload&quot;:&quot;yes&quot;,&quot;source&quot;:&quot;media_file&quot;,&quot;caption_source&quot;:&quot;none&quot;,&quot;link_to&quot;:&quot;none&quot;,&quot;trigger&quot;:&quot;arriving_to_viewport&quot;,&quot;viewport&quot;:{&quot;unit&quot;:&quot;%&quot;,&quot;size&quot;:&quot;&quot;,&quot;sizes&quot;:{&quot;start&quot;:0,&quot;end&quot;:100}},&quot;start_point&quot;:{&quot;unit&quot;:&quot;%&quot;,&quot;size&quot;:0,&quot;sizes&quot;:[]},&quot;end_point&quot;:{&quot;unit&quot;:&quot;%&quot;,&quot;size&quot;:100,&quot;sizes&quot;:[]},&quot;renderer&quot;:&quot;svg&quot;}\" data-widget_type=\"lottie.default\">\n\t\t\t\t<div class=\"elementor-widget-container\">\n\t\t\t\t\t<div class=\"e-lottie__container\"><div class=\"e-lottie__animation\"><\/div><\/div>\t\t\t\t<\/div>\n\t\t\t\t<\/div>\n\t\t\t\t<\/div>\n\t\t\t\t\t<\/div>\n\t\t\t\t<\/div>\n\t\t<div data-particle_enable=\"false\" data-particle-mobile-disabled=\"false\" class=\"elementor-element elementor-element-11cb6d0e e-flex e-con-boxed e-con e-parent\" data-id=\"11cb6d0e\" data-element_type=\"container\" data-settings=\"{&quot;background_background&quot;:&quot;gradient&quot;}\">\n\t\t\t\t\t<div class=\"e-con-inner\">\n\t\t\t\t<div class=\"elementor-element elementor-element-7dbc5668 elementor-invisible elementor-widget elementor-widget-image\" data-id=\"7dbc5668\" data-element_type=\"widget\" data-settings=\"{&quot;_animation&quot;:&quot;fadeInUp&quot;}\" data-widget_type=\"image.default\">\n\t\t\t\t<div class=\"elementor-widget-container\">\n\t\t\t\t\t\t\t\t\t\t\t\t\t\t\t<img decoding=\"async\" src=\"https:\/\/fctech.ca\/wp-content\/uploads\/2025\/03\/1-1.jpg\" title=\"\" alt=\"\" loading=\"lazy\" \/>\t\t\t\t\t\t\t\t\t\t\t\t\t\t\t<\/div>\n\t\t\t\t<\/div>\n\t\t\t\t\t<\/div>\n\t\t\t\t<\/div>\n\t\t<div data-particle_enable=\"false\" data-particle-mobile-disabled=\"false\" class=\"elementor-element elementor-element-8c515f7 e-flex e-con-boxed e-con e-parent\" data-id=\"8c515f7\" data-element_type=\"container\">\n\t\t\t\t\t<div class=\"e-con-inner\">\n\t\t<div data-particle_enable=\"false\" data-particle-mobile-disabled=\"false\" class=\"elementor-element elementor-element-4043a5d e-con-full e-flex e-con e-child\" data-id=\"4043a5d\" data-element_type=\"container\">\n\t\t\t\t<div class=\"elementor-element elementor-element-f248507 animated-slow elementor-invisible elementor-widget elementor-widget-heading\" data-id=\"f248507\" data-element_type=\"widget\" data-settings=\"{&quot;_animation&quot;:&quot;fadeInLeft&quot;}\" data-widget_type=\"heading.default\">\n\t\t\t\t<div class=\"elementor-widget-container\">\n\t\t\t\t\t<h2 class=\"elementor-heading-title elementor-size-default\">Caract\u00e9ristiques principales<\/h2>\t\t\t\t<\/div>\n\t\t\t\t<\/div>\n\t\t\t\t<div class=\"elementor-element elementor-element-16c5514 animated-slow elementor-invisible elementor-widget elementor-widget-eael-feature-list\" data-id=\"16c5514\" data-element_type=\"widget\" data-settings=\"{&quot;_animation&quot;:&quot;fadeInLeft&quot;}\" data-widget_type=\"eael-feature-list.default\">\n\t\t\t\t<div class=\"elementor-widget-container\">\n\t\t\t\t\t\t\t<div class=\"-icon-position-left -tablet-icon-position-left -mobile-icon-position-left\">\n\t\t\t<ul id=\"eael-feature-list-16c5514\" class=\"eael-feature-list-items rhombus stacked  eael-feature-list-vertical\">\n\t\t\t                <li class=\"eael-feature-list-item elementor-repeater-item-469ea15\">\n                    \n\t\t\t\t\t\t<div class=\"eael-feature-list-icon-box\">\n\t\t\t\t\t\t\t<div class=\"eael-feature-list-icon-inner\">\n\n\t\t\t\t\t\t\t\t<span class=\"eael-feature-list-icon fl-icon-0\">\n\n\t\t<i aria-hidden=\"true\" class=\"fas fa-check\"><\/i>\t\t\t\t\t\t\t\t<\/span>\n\t\t\t\t\t\t\t<\/div>\n\t\t\t\t\t\t<\/div>\n\t\t\t\t\t\t<div class=\"eael-feature-list-content-box\">\n                            <h4 class=\"eael-feature-list-title\">Facile \u00e0 utiliser<\/h4>\t\t\t\t\t\t<p class=\"eael-feature-list-content\">FC Secure Sign simplifie la signature \u00e9lectronique des documents gr\u00e2ce \u00e0 une interface conviviale et une compatibilit\u00e9 mobile. \n<\/p>\n\t\t\t\t\t\t<\/div>\n\n\t\t\t\t\t<\/li>\n\t\t\t\t                <li class=\"eael-feature-list-item elementor-repeater-item-5685e49\">\n                    \n\t\t\t\t\t\t<div class=\"eael-feature-list-icon-box\">\n\t\t\t\t\t\t\t<div class=\"eael-feature-list-icon-inner\">\n\n\t\t\t\t\t\t\t\t<span class=\"eael-feature-list-icon fl-icon-1\">\n\n\t\t<i aria-hidden=\"true\" class=\"fas fa-check\"><\/i>\t\t\t\t\t\t\t\t<\/span>\n\t\t\t\t\t\t\t<\/div>\n\t\t\t\t\t\t<\/div>\n\t\t\t\t\t\t<div class=\"eael-feature-list-content-box\">\n                            <h4 class=\"eael-feature-list-title\">S\u00e9curit\u00e9 avanc\u00e9e<\/h4>\t\t\t\t\t\t<p class=\"eael-feature-list-content\">FC Secure Sign utilise les derni\u00e8res technologies de cryptage des donn\u00e9es et de s\u00e9curit\u00e9 num\u00e9rique pour prot\u00e9ger les renseignements des consommateurs et des entreprises.<\/p>\n\t\t\t\t\t\t<\/div>\n\n\t\t\t\t\t<\/li>\n\t\t\t\t\t\t\t<\/ul>\n\t\t<\/div>\n\t\t\t\t\t\t<\/div>\n\t\t\t\t<\/div>\n\t\t\t\t<\/div>\n\t\t<div data-particle_enable=\"false\" data-particle-mobile-disabled=\"false\" class=\"elementor-element elementor-element-03f375c e-con-full e-flex e-con e-child\" data-id=\"03f375c\" data-element_type=\"container\">\n\t\t\t\t<div class=\"elementor-element elementor-element-601f7ce animated-slow elementor-invisible elementor-widget elementor-widget-image\" data-id=\"601f7ce\" data-element_type=\"widget\" data-settings=\"{&quot;_animation&quot;:&quot;fadeInRight&quot;}\" data-widget_type=\"image.default\">\n\t\t\t\t<div class=\"elementor-widget-container\">\n\t\t\t\t\t\t\t\t\t\t\t\t\t\t\t<img decoding=\"async\" src=\"https:\/\/fctech.ca\/wp-content\/uploads\/2025\/03\/2-3.jpg\" title=\"\" alt=\"\" loading=\"lazy\" \/>\t\t\t\t\t\t\t\t\t\t\t\t\t\t\t<\/div>\n\t\t\t\t<\/div>\n\t\t\t\t<\/div>\n\t\t\t\t\t<\/div>\n\t\t\t\t<\/div>\n\t\t\t\t<\/div>","protected":false},"excerpt":{"rendered":"<p>Electronically sign documents anywhere, anytime Effortlessly navigate and secure your digital documents with the ultimate e-signature solution. Offering seamless integration, advanced security, and exceptional user experience, FC Secure Sign is designed to meet the demands of modern dealerships. Key Features Easy to Use FC Secure Sign simplifies document e-signing with a user-friendly interface and mobile [&hellip;]<\/p>","protected":false},"author":1,"featured_media":0,"parent":0,"menu_order":0,"comment_status":"closed","ping_status":"closed","template":"","meta":{"footnotes":""},"class_list":["post-287","page","type-page","status-publish","hentry"],"_links":{"self":[{"href":"https:\/\/fctech.ca\/fr\/wp-json\/wp\/v2\/pages\/287","targetHints":{"allow":["GET"]}}],"collection":[{"href":"https:\/\/fctech.ca\/fr\/wp-json\/wp\/v2\/pages"}],"about":[{"href":"https:\/\/fctech.ca\/fr\/wp-json\/wp\/v2\/types\/page"}],"author":[{"embeddable":true,"href":"https:\/\/fctech.ca\/fr\/wp-json\/wp\/v2\/users\/1"}],"replies":[{"embeddable":true,"href":"https:\/\/fctech.ca\/fr\/wp-json\/wp\/v2\/comments?post=287"}],"version-history":[{"count":40,"href":"https:\/\/fctech.ca\/fr\/wp-json\/wp\/v2\/pages\/287\/revisions"}],"predecessor-version":[{"id":1371,"href":"https:\/\/fctech.ca\/fr\/wp-json\/wp\/v2\/pages\/287\/revisions\/1371"}],"wp:attachment":[{"href":"https:\/\/fctech.ca\/fr\/wp-json\/wp\/v2\/media?parent=287"}],"curies":[{"name":"wp","href":"https:\/\/api.w.org\/{rel}","templated":true}]}}