{"id":285,"date":"2023-10-12T13:16:36","date_gmt":"2023-10-12T19:16:36","guid":{"rendered":"https:\/\/fctech.pderaswebsites.com\/?page_id=285"},"modified":"2025-03-26T10:12:37","modified_gmt":"2025-03-26T16:12:37","slug":"fc-drive","status":"publish","type":"page","link":"https:\/\/fctech.ca\/fr\/fc-drive\/","title":{"rendered":"FC Drive"},"content":{"rendered":"<div data-elementor-type=\"wp-page\" data-elementor-id=\"285\" class=\"elementor elementor-285\" data-elementor-post-type=\"page\">\n\t\t\t\t<div data-particle_enable=\"false\" data-particle-mobile-disabled=\"false\" class=\"elementor-element elementor-element-48194ec7 e-flex e-con-boxed e-con e-parent\" data-id=\"48194ec7\" data-element_type=\"container\" data-settings=\"{&quot;background_background&quot;:&quot;classic&quot;}\">\n\t\t\t\t\t<div class=\"e-con-inner\">\n\t\t<div data-particle_enable=\"false\" data-particle-mobile-disabled=\"false\" class=\"elementor-element elementor-element-1a69fbf0 e-con-full e-flex e-con e-child\" data-id=\"1a69fbf0\" data-element_type=\"container\">\n\t\t\t\t<div class=\"elementor-element elementor-element-51376e09 animated-slow elementor-invisible elementor-widget elementor-widget-heading\" data-id=\"51376e09\" data-element_type=\"widget\" data-settings=\"{&quot;_animation&quot;:&quot;fadeInLeft&quot;}\" data-widget_type=\"heading.default\">\n\t\t\t\t<div class=\"elementor-widget-container\">\n\t\t\t\t\t<h2 class=\"elementor-heading-title elementor-size-default\">L'outil de pr\u00e9sentation le plus complet du secteur pour le bureau des services financiers<\/h2>\t\t\t\t<\/div>\n\t\t\t\t<\/div>\n\t\t\t\t<div class=\"elementor-element elementor-element-51c219a2 animated-slow elementor-invisible elementor-widget elementor-widget-text-editor\" data-id=\"51c219a2\" data-element_type=\"widget\" data-settings=\"{&quot;_animation&quot;:&quot;fadeInLeft&quot;,&quot;_animation_delay&quot;:500}\" data-widget_type=\"text-editor.default\">\n\t\t\t\t<div class=\"elementor-widget-container\">\n\t\t\t\t\t\t\t\t\t<p><span style=\"font-weight: 400;\">Gagnez du temps et rationalisez votre processus gr\u00e2ce \u00e0 des offres group\u00e9es personnalisables et pr\u00e9d\u00e9finies qui rendent la planification des transactions rapide et efficace.<\/span><\/p>\t\t\t\t\t\t\t\t<\/div>\n\t\t\t\t<\/div>\n\t\t\t\t<\/div>\n\t\t<div data-particle_enable=\"false\" data-particle-mobile-disabled=\"false\" class=\"elementor-element elementor-element-7eb7f2b9 e-con-full e-flex e-con e-child\" data-id=\"7eb7f2b9\" data-element_type=\"container\">\n\t\t\t\t<div class=\"elementor-element elementor-element-0b4f044 elementor-align-center elementor-widget elementor-widget-lottie\" data-id=\"0b4f044\" data-element_type=\"widget\" data-settings=\"{&quot;source_json&quot;:{&quot;url&quot;:&quot;https:\\\/\\\/fctech.ca\\\/wp-content\\\/uploads\\\/2024\\\/05\\\/FC-Drive-2-1.json&quot;,&quot;id&quot;:883,&quot;size&quot;:&quot;&quot;,&quot;alt&quot;:&quot;&quot;,&quot;source&quot;:&quot;library&quot;},&quot;loop&quot;:&quot;yes&quot;,&quot;play_speed&quot;:{&quot;unit&quot;:&quot;px&quot;,&quot;size&quot;:0.6,&quot;sizes&quot;:[]},&quot;lazyload&quot;:&quot;yes&quot;,&quot;source&quot;:&quot;media_file&quot;,&quot;caption_source&quot;:&quot;none&quot;,&quot;link_to&quot;:&quot;none&quot;,&quot;trigger&quot;:&quot;arriving_to_viewport&quot;,&quot;viewport&quot;:{&quot;unit&quot;:&quot;%&quot;,&quot;size&quot;:&quot;&quot;,&quot;sizes&quot;:{&quot;start&quot;:0,&quot;end&quot;:100}},&quot;start_point&quot;:{&quot;unit&quot;:&quot;%&quot;,&quot;size&quot;:0,&quot;sizes&quot;:[]},&quot;end_point&quot;:{&quot;unit&quot;:&quot;%&quot;,&quot;size&quot;:100,&quot;sizes&quot;:[]},&quot;renderer&quot;:&quot;svg&quot;}\" data-widget_type=\"lottie.default\">\n\t\t\t\t<div class=\"elementor-widget-container\">\n\t\t\t\t\t<div class=\"e-lottie__container\"><div class=\"e-lottie__animation\"><\/div><\/div>\t\t\t\t<\/div>\n\t\t\t\t<\/div>\n\t\t\t\t<\/div>\n\t\t\t\t\t<\/div>\n\t\t\t\t<\/div>\n\t\t<div data-particle_enable=\"false\" data-particle-mobile-disabled=\"false\" class=\"elementor-element elementor-element-6a3b676a e-flex e-con-boxed e-con e-parent\" data-id=\"6a3b676a\" data-element_type=\"container\" data-settings=\"{&quot;background_background&quot;:&quot;gradient&quot;}\">\n\t\t\t\t\t<div class=\"e-con-inner\">\n\t\t\t\t<div class=\"elementor-element elementor-element-9443586 elementor-widget elementor-widget-video\" data-id=\"9443586\" data-element_type=\"widget\" data-settings=\"{&quot;video_type&quot;:&quot;hosted&quot;,&quot;autoplay&quot;:&quot;yes&quot;,&quot;loop&quot;:&quot;yes&quot;,&quot;play_on_mobile&quot;:&quot;yes&quot;,&quot;controls&quot;:&quot;yes&quot;}\" data-widget_type=\"video.default\">\n\t\t\t\t<div class=\"elementor-widget-container\">\n\t\t\t\t\t\t\t<div class=\"e-hosted-video elementor-wrapper elementor-open-inline\">\n\t\t\t\t\t<video class=\"elementor-video\" src=\"https:\/\/fctech.ca\/wp-content\/uploads\/2025\/03\/FC-Drive-Video-Edits.mp4\" autoplay=\"\" loop=\"\" controls=\"\" playsinline=\"\" controlslist=\"nodownload\"><\/video>\n\t\t\t\t<\/div>\n\t\t\t\t\t\t<\/div>\n\t\t\t\t<\/div>\n\t\t\t\t\t<\/div>\n\t\t\t\t<\/div>\n\t\t<div data-particle_enable=\"false\" data-particle-mobile-disabled=\"false\" class=\"elementor-element elementor-element-7867aae e-flex e-con-boxed e-con e-parent\" data-id=\"7867aae\" data-element_type=\"container\">\n\t\t\t\t\t<div class=\"e-con-inner\">\n\t\t<div data-particle_enable=\"false\" data-particle-mobile-disabled=\"false\" class=\"elementor-element elementor-element-5c0f12e e-con-full e-flex e-con e-child\" data-id=\"5c0f12e\" data-element_type=\"container\">\n\t\t\t\t<div class=\"elementor-element elementor-element-5fa0cef animated-slow elementor-invisible elementor-widget elementor-widget-heading\" data-id=\"5fa0cef\" data-element_type=\"widget\" data-settings=\"{&quot;_animation&quot;:&quot;fadeInLeft&quot;}\" data-widget_type=\"heading.default\">\n\t\t\t\t<div class=\"elementor-widget-container\">\n\t\t\t\t\t<h2 class=\"elementor-heading-title elementor-size-default\">Caract\u00e9ristiques principales<\/h2>\t\t\t\t<\/div>\n\t\t\t\t<\/div>\n\t\t\t\t<div class=\"elementor-element elementor-element-efb043d animated-slow elementor-invisible elementor-widget elementor-widget-eael-feature-list\" data-id=\"efb043d\" data-element_type=\"widget\" data-settings=\"{&quot;_animation&quot;:&quot;fadeInLeft&quot;}\" data-widget_type=\"eael-feature-list.default\">\n\t\t\t\t<div class=\"elementor-widget-container\">\n\t\t\t\t\t\t\t<div class=\"-icon-position-left -tablet-icon-position-left -mobile-icon-position-left\">\n\t\t\t<ul id=\"eael-feature-list-efb043d\" class=\"eael-feature-list-items rhombus stacked  eael-feature-list-vertical\">\n\t\t\t                <li class=\"eael-feature-list-item elementor-repeater-item-469ea15\">\n                    \n\t\t\t\t\t\t<div class=\"eael-feature-list-icon-box\">\n\t\t\t\t\t\t\t<div class=\"eael-feature-list-icon-inner\">\n\n\t\t\t\t\t\t\t\t<span class=\"eael-feature-list-icon fl-icon-0\">\n\n\t\t<i aria-hidden=\"true\" class=\"fas fa-check\"><\/i>\t\t\t\t\t\t\t\t<\/span>\n\t\t\t\t\t\t\t<\/div>\n\t\t\t\t\t\t<\/div>\n\t\t\t\t\t\t<div class=\"eael-feature-list-content-box\">\n                            <h4 class=\"eael-feature-list-title\">Pr\u00e9sentations personnalis\u00e9es<\/h4>\t\t\t\t\t\t<p class=\"eael-feature-list-content\">Cr\u00e9ez des pr\u00e9sentations dynamiques et personnalis\u00e9es en moins de 2 minutes, en ajustant sans effort les offres de produits \u00e0 la vol\u00e9e. Rationalisez le processus et enrichissez l'exp\u00e9rience client.\n<\/p>\n\t\t\t\t\t\t<\/div>\n\n\t\t\t\t\t<\/li>\n\t\t\t\t                <li class=\"eael-feature-list-item elementor-repeater-item-5685e49\">\n                    \n\t\t\t\t\t\t<div class=\"eael-feature-list-icon-box\">\n\t\t\t\t\t\t\t<div class=\"eael-feature-list-icon-inner\">\n\n\t\t\t\t\t\t\t\t<span class=\"eael-feature-list-icon fl-icon-1\">\n\n\t\t<i aria-hidden=\"true\" class=\"fas fa-check\"><\/i>\t\t\t\t\t\t\t\t<\/span>\n\t\t\t\t\t\t\t<\/div>\n\t\t\t\t\t\t<\/div>\n\t\t\t\t\t\t<div class=\"eael-feature-list-content-box\">\n                            <h4 class=\"eael-feature-list-title\">Capacit\u00e9s \u00e0 distance en temps r\u00e9el<\/h4>\t\t\t\t\t\t<p class=\"eael-feature-list-content\">R\u00e9pondez aux attentes de vos clients gr\u00e2ce \u00e0 des capacit\u00e9s \u00e0 distance qui permettent une pr\u00e9sentation virtuelle riche sur l'appareil du client.<\/p>\n\t\t\t\t\t\t<\/div>\n\n\t\t\t\t\t<\/li>\n\t\t\t\t                <li class=\"eael-feature-list-item elementor-repeater-item-5c754a4\">\n                    \n\t\t\t\t\t\t<div class=\"eael-feature-list-icon-box\">\n\t\t\t\t\t\t\t<div class=\"eael-feature-list-icon-inner\">\n\n\t\t\t\t\t\t\t\t<span class=\"eael-feature-list-icon fl-icon-2\">\n\n\t\t<i aria-hidden=\"true\" class=\"fas fa-check\"><\/i>\t\t\t\t\t\t\t\t<\/span>\n\t\t\t\t\t\t\t<\/div>\n\t\t\t\t\t\t<\/div>\n\t\t\t\t\t\t<div class=\"eael-feature-list-content-box\">\n                            <h4 class=\"eael-feature-list-title\">Conformit\u00e9 et divulgation automatiques<\/h4>\t\t\t\t\t\t<p class=\"eael-feature-list-content\">Renforcez la confiance gr\u00e2ce \u00e0 la transparence et \u00e9vitez les erreurs gr\u00e2ce aux fonctionnalit\u00e9s int\u00e9gr\u00e9es de conformit\u00e9 et de divulgation.\n<\/p>\n\t\t\t\t\t\t<\/div>\n\n\t\t\t\t\t<\/li>\n\t\t\t\t                <li class=\"eael-feature-list-item elementor-repeater-item-2b06262\">\n                    \n\t\t\t\t\t\t<div class=\"eael-feature-list-icon-box\">\n\t\t\t\t\t\t\t<div class=\"eael-feature-list-icon-inner\">\n\n\t\t\t\t\t\t\t\t<span class=\"eael-feature-list-icon fl-icon-3\">\n\n\t\t<i aria-hidden=\"true\" class=\"fas fa-check\"><\/i>\t\t\t\t\t\t\t\t<\/span>\n\t\t\t\t\t\t\t<\/div>\n\t\t\t\t\t\t<\/div>\n\t\t\t\t\t\t<div class=\"eael-feature-list-content-box\">\n                            <h4 class=\"eael-feature-list-title\">Soutien et formation<\/h4>\t\t\t\t\t\t<p class=\"eael-feature-list-content\">B\u00e9n\u00e9ficiez de la meilleure formation de sa cat\u00e9gorie dispens\u00e9e par la plus grande \u00e9quipe de professionnels des services financiers au Canada.\n<\/p>\n\t\t\t\t\t\t<\/div>\n\n\t\t\t\t\t<\/li>\n\t\t\t\t\t\t\t<\/ul>\n\t\t<\/div>\n\t\t\t\t\t\t<\/div>\n\t\t\t\t<\/div>\n\t\t\t\t<\/div>\n\t\t<div data-particle_enable=\"false\" data-particle-mobile-disabled=\"false\" class=\"elementor-element elementor-element-ebeba0b e-con-full e-flex e-con e-child\" data-id=\"ebeba0b\" data-element_type=\"container\">\n\t\t\t\t<div class=\"elementor-element elementor-element-7bbba0f animated-slow elementor-invisible elementor-widget elementor-widget-image\" data-id=\"7bbba0f\" data-element_type=\"widget\" data-settings=\"{&quot;_animation&quot;:&quot;fadeInRight&quot;}\" data-widget_type=\"image.default\">\n\t\t\t\t<div class=\"elementor-widget-container\">\n\t\t\t\t\t\t\t\t\t\t\t\t\t\t\t<img decoding=\"async\" src=\"https:\/\/fctech.ca\/wp-content\/uploads\/2025\/03\/2-1.jpg\" title=\"\" alt=\"\" loading=\"lazy\" \/>\t\t\t\t\t\t\t\t\t\t\t\t\t\t\t<\/div>\n\t\t\t\t<\/div>\n\t\t\t\t<\/div>\n\t\t\t\t\t<\/div>\n\t\t\t\t<\/div>\n\t\t\t\t<\/div>","protected":false},"excerpt":{"rendered":"<p>The industry\u2019s most comprehensive presentation tool for the Financial Services Office Save time and streamline your process with customizable, predefined bundles that make deal planning quick and efficient. https:\/\/fctech.pderaswebsites.com\/wp-content\/uploads\/2025\/03\/FC-Drive-Video-Edits.mp4 Key Features Customizable Presentations Create dynamic and customized presentations in under 2 minutes, effortlessly adjusting product offerings on the fly. Streamlining the process and enriching the [&hellip;]<\/p>","protected":false},"author":1,"featured_media":0,"parent":0,"menu_order":0,"comment_status":"closed","ping_status":"closed","template":"","meta":{"footnotes":""},"class_list":["post-285","page","type-page","status-publish","hentry"],"_links":{"self":[{"href":"https:\/\/fctech.ca\/fr\/wp-json\/wp\/v2\/pages\/285","targetHints":{"allow":["GET"]}}],"collection":[{"href":"https:\/\/fctech.ca\/fr\/wp-json\/wp\/v2\/pages"}],"about":[{"href":"https:\/\/fctech.ca\/fr\/wp-json\/wp\/v2\/types\/page"}],"author":[{"embeddable":true,"href":"https:\/\/fctech.ca\/fr\/wp-json\/wp\/v2\/users\/1"}],"replies":[{"embeddable":true,"href":"https:\/\/fctech.ca\/fr\/wp-json\/wp\/v2\/comments?post=285"}],"version-history":[{"count":80,"href":"https:\/\/fctech.ca\/fr\/wp-json\/wp\/v2\/pages\/285\/revisions"}],"predecessor-version":[{"id":1317,"href":"https:\/\/fctech.ca\/fr\/wp-json\/wp\/v2\/pages\/285\/revisions\/1317"}],"wp:attachment":[{"href":"https:\/\/fctech.ca\/fr\/wp-json\/wp\/v2\/media?parent=285"}],"curies":[{"name":"wp","href":"https:\/\/api.w.org\/{rel}","templated":true}]}}