{"id":133,"date":"2023-09-19T14:03:39","date_gmt":"2023-09-19T20:03:39","guid":{"rendered":"https:\/\/fctech.pderaswebsites.com\/?page_id=133"},"modified":"2025-08-15T10:53:03","modified_gmt":"2025-08-15T16:53:03","slug":"contact-us","status":"publish","type":"page","link":"https:\/\/fctech.ca\/fr\/contact-us\/","title":{"rendered":"Pour nous joindre"},"content":{"rendered":"<div data-elementor-type=\"wp-page\" data-elementor-id=\"133\" class=\"elementor elementor-133\" data-elementor-post-type=\"page\">\n\t\t\t\t<div data-particle_enable=\"false\" data-particle-mobile-disabled=\"false\" class=\"elementor-element elementor-element-2694c53 e-flex e-con-boxed e-con e-parent\" data-id=\"2694c53\" data-element_type=\"container\" data-settings=\"{&quot;background_background&quot;:&quot;classic&quot;}\">\n\t\t\t\t\t<div class=\"e-con-inner\">\n\t\t\t\t<div class=\"elementor-element elementor-element-a70245e elementor-widget elementor-widget-heading\" data-id=\"a70245e\" data-element_type=\"widget\" data-widget_type=\"heading.default\">\n\t\t\t\t<div class=\"elementor-widget-container\">\n\t\t\t\t\t<h2 class=\"elementor-heading-title elementor-size-default\">Pour nous joindre<\/h2>\t\t\t\t<\/div>\n\t\t\t\t<\/div>\n\t\t\t\t\t<\/div>\n\t\t\t\t<\/div>\n\t\t<div data-particle_enable=\"false\" data-particle-mobile-disabled=\"false\" class=\"elementor-element elementor-element-8c38e59 e-flex e-con-boxed e-con e-parent\" data-id=\"8c38e59\" data-element_type=\"container\">\n\t\t\t\t\t<div class=\"e-con-inner\">\n\t\t<div data-particle_enable=\"false\" data-particle-mobile-disabled=\"false\" class=\"elementor-element elementor-element-a24e312 e-con-full e-flex e-con e-child\" data-id=\"a24e312\" data-element_type=\"container\">\n\t\t\t\t<div class=\"elementor-element elementor-element-fc148ae elementor-widget elementor-widget-heading\" data-id=\"fc148ae\" data-element_type=\"widget\" data-widget_type=\"heading.default\">\n\t\t\t\t<div class=\"elementor-widget-container\">\n\t\t\t\t\t<h2 class=\"elementor-heading-title elementor-size-default\">Nous sommes pr\u00eats \u00e0 vous aider !\n<\/h2>\t\t\t\t<\/div>\n\t\t\t\t<\/div>\n\t\t\t\t<div class=\"elementor-element elementor-element-9db5f4b elementor-widget elementor-widget-text-editor\" data-id=\"9db5f4b\" data-element_type=\"widget\" data-widget_type=\"text-editor.default\">\n\t\t\t\t<div class=\"elementor-widget-container\">\n\t\t\t\t\t\t\t\t\t<p><strong>Courriel<\/strong> : <a href=\"mailto:info@fctech.ca\">info@fctech.ca<\/a><\/p>\t\t\t\t\t\t\t\t<\/div>\n\t\t\t\t<\/div>\n\t\t\t\t<div class=\"elementor-element elementor-element-1b32f38 elementor-widget elementor-widget-text-editor\" data-id=\"1b32f38\" data-element_type=\"widget\" data-widget_type=\"text-editor.default\">\n\t\t\t\t<div class=\"elementor-widget-container\">\n\t\t\t\t\t\t\t\t\t<p><span style=\"font-weight: 400;\">Merci de l'int\u00e9r\u00eat que vous portez \u00e0 nos solutions pour les concessionnaires automobiles. Veuillez remplir les renseignements suivants afin que nous puissions mieux comprendre vos besoins et vous aider en cons\u00e9quence.<\/span><\/p>\t\t\t\t\t\t\t\t<\/div>\n\t\t\t\t<\/div>\n\t\t\t\t<\/div>\n\t\t<div data-particle_enable=\"false\" data-particle-mobile-disabled=\"false\" class=\"elementor-element elementor-element-736b5f4 e-con-full e-flex e-con e-child\" data-id=\"736b5f4\" data-element_type=\"container\">\n\t\t\t\t<div class=\"elementor-element elementor-element-28d561d elementor-button-align-start elementor-widget elementor-widget-form\" data-id=\"28d561d\" data-element_type=\"widget\" data-settings=\"{&quot;step_next_label&quot;:&quot;Next&quot;,&quot;step_previous_label&quot;:&quot;Previous&quot;,&quot;button_width&quot;:&quot;100&quot;,&quot;step_type&quot;:&quot;number_text&quot;,&quot;step_icon_shape&quot;:&quot;circle&quot;}\" data-widget_type=\"form.default\">\n\t\t\t\t<div class=\"elementor-widget-container\">\n\t\t\t\t\t\t\t<form class=\"elementor-form\" method=\"post\" name=\"New Form\" aria-label=\"New Form\" action=\"\">\n\t\t\t<input type=\"hidden\" name=\"post_id\" value=\"133\"\/>\n\t\t\t<input type=\"hidden\" name=\"form_id\" value=\"28d561d\"\/>\n\t\t\t<input type=\"hidden\" name=\"referer_title\" value=\"Contact Us\" \/>\n\n\t\t\t\t\t\t\t<input type=\"hidden\" name=\"queried_id\" value=\"133\"\/>\n\t\t\t\n\t\t\t<div class=\"elementor-form-fields-wrapper elementor-labels-above\">\n\t\t\t\t\t\t\t\t<div class=\"elementor-field-type-text elementor-field-group elementor-column elementor-field-group-name elementor-col-50 elementor-field-required elementor-mark-required\">\n\t\t\t\t\t\t\t\t\t\t\t\t<label for=\"form-field-name\" class=\"elementor-field-label\">\n\t\t\t\t\t\t\t\tPr\u00e9nom\t\t\t\t\t\t\t<\/label>\n\t\t\t\t\t\t\t\t\t\t\t\t\t\t<input size=\"1\" type=\"text\" name=\"form_fields[name]\" id=\"form-field-name\" class=\"elementor-field elementor-size-sm  elementor-field-textual\" placeholder=\"Pr\u00e9nom\" required=\"required\">\n\t\t\t\t\t\t\t\t\t\t\t<\/div>\n\t\t\t\t\t\t\t\t<div class=\"elementor-field-type-text elementor-field-group elementor-column elementor-field-group-field_bb47b1d elementor-col-50 elementor-field-required elementor-mark-required\">\n\t\t\t\t\t\t\t\t\t\t\t\t<label for=\"form-field-field_bb47b1d\" class=\"elementor-field-label\">\n\t\t\t\t\t\t\t\tNom de famille\t\t\t\t\t\t\t<\/label>\n\t\t\t\t\t\t\t\t\t\t\t\t\t\t<input size=\"1\" type=\"text\" name=\"form_fields[field_bb47b1d]\" id=\"form-field-field_bb47b1d\" class=\"elementor-field elementor-size-sm  elementor-field-textual\" placeholder=\"Nom de famille\" required=\"required\">\n\t\t\t\t\t\t\t\t\t\t\t<\/div>\n\t\t\t\t\t\t\t\t<div class=\"elementor-field-type-text elementor-field-group elementor-column elementor-field-group-field_484679a elementor-col-100 elementor-field-required elementor-mark-required\">\n\t\t\t\t\t\t\t\t\t\t\t\t<label for=\"form-field-field_484679a\" class=\"elementor-field-label\">\n\t\t\t\t\t\t\t\tNom de l'organisation\t\t\t\t\t\t\t<\/label>\n\t\t\t\t\t\t\t\t\t\t\t\t\t\t<input size=\"1\" type=\"text\" name=\"form_fields[field_484679a]\" id=\"form-field-field_484679a\" class=\"elementor-field elementor-size-sm  elementor-field-textual\" placeholder=\"Nom de l&#039;organisation\" required=\"required\">\n\t\t\t\t\t\t\t\t\t\t\t<\/div>\n\t\t\t\t\t\t\t\t<div class=\"elementor-field-type-email elementor-field-group elementor-column elementor-field-group-email elementor-col-100 elementor-field-required elementor-mark-required\">\n\t\t\t\t\t\t\t\t\t\t\t\t<label for=\"form-field-email\" class=\"elementor-field-label\">\n\t\t\t\t\t\t\t\tCourriel\t\t\t\t\t\t\t<\/label>\n\t\t\t\t\t\t\t\t\t\t\t\t\t\t<input size=\"1\" type=\"email\" name=\"form_fields[email]\" id=\"form-field-email\" class=\"elementor-field elementor-size-sm  elementor-field-textual\" placeholder=\"Courriel\" required=\"required\">\n\t\t\t\t\t\t\t\t\t\t\t<\/div>\n\t\t\t\t\t\t\t\t<div class=\"elementor-field-type-text elementor-field-group elementor-column elementor-field-group-field_cc74b99 elementor-col-100\">\n\t\t\t\t\t\t\t\t\t\t\t\t<label for=\"form-field-field_cc74b99\" class=\"elementor-field-label\">\n\t\t\t\t\t\t\t\tD\u00e9tails de la demande :\t\t\t\t\t\t\t<\/label>\n\t\t\t\t\t\t\t\t\t\t\t\t\t\t<input size=\"1\" type=\"text\" name=\"form_fields[field_cc74b99]\" id=\"form-field-field_cc74b99\" class=\"elementor-field elementor-size-sm  elementor-field-textual\">\n\t\t\t\t\t\t\t\t\t\t\t<\/div>\n\t\t\t\t\t\t\t\t<div class=\"elementor-field-type-checkbox elementor-field-group elementor-column elementor-field-group-field_22698ba elementor-col-100\">\n\t\t\t\t\t\t\t\t\t\t\t\t<label for=\"form-field-field_22698ba\" class=\"elementor-field-label\">\n\t\t\t\t\t\t\t\tQuels outils ou technologies sp\u00e9cifiques vous int\u00e9ressent ?\t\t\t\t\t\t\t<\/label>\n\t\t\t\t\t\t<div class=\"elementor-field-subgroup\"><span class=\"elementor-field-option\"><input type=\"checkbox\" value=\"FC Resource Center\" id=\"form-field-field_22698ba-0\" name=\"form_fields[field_22698ba][]\"> <label for=\"form-field-field_22698ba-0\">Centre de ressources FC<\/label><\/span><span class=\"elementor-field-option\"><input type=\"checkbox\" value=\"FC Drive \" id=\"form-field-field_22698ba-1\" name=\"form_fields[field_22698ba][]\"> <label for=\"form-field-field_22698ba-1\">FC Drive <\/label><\/span><span class=\"elementor-field-option\"><input type=\"checkbox\" value=\"FC Secure Sign \" id=\"form-field-field_22698ba-2\" name=\"form_fields[field_22698ba][]\"> <label for=\"form-field-field_22698ba-2\">FC Secure Sign <\/label><\/span><span class=\"elementor-field-option\"><input type=\"checkbox\" value=\"FC Academy\" id=\"form-field-field_22698ba-3\" name=\"form_fields[field_22698ba][]\"> <label for=\"form-field-field_22698ba-3\">Acad\u00e9mie FC<\/label><\/span><span class=\"elementor-field-option\"><input type=\"checkbox\" value=\"FC Claims\" id=\"form-field-field_22698ba-4\" name=\"form_fields[field_22698ba][]\"> <label for=\"form-field-field_22698ba-4\">Demandes de r\u00e8glement FC<\/label><\/span><span class=\"elementor-field-option\"><input type=\"checkbox\" value=\"Other\" id=\"form-field-field_22698ba-5\" name=\"form_fields[field_22698ba][]\"> <label for=\"form-field-field_22698ba-5\">Autre<\/label><\/span><\/div>\t\t\t\t<\/div>\n\t\t\t\t\t\t\t\t<div class=\"elementor-field-type-text elementor-field-group elementor-column elementor-field-group-others elementor-col-100\">\n\t\t\t\t\t\t\t\t\t\t\t\t<label for=\"form-field-others\" class=\"elementor-field-label\">\n\t\t\t\t\t\t\t\t Please Specify:\t\t\t\t\t\t\t<\/label>\n\t\t\t\t\t\t\t\t\t\t\t\t\t\t<input size=\"1\" type=\"text\" name=\"form_fields[others]\" id=\"form-field-others\" class=\"elementor-field elementor-size-sm  elementor-field-textual\">\n\t\t\t\t\t\t\t\t\t\t\t<\/div>\n\t\t\t\t\t\t\t\t<div class=\"elementor-field-type-acceptance elementor-field-group elementor-column elementor-field-group-field_0131ed4 elementor-col-100 elementor-field-required elementor-mark-required\">\n\t\t\t\t\t\t\t\t\t\t\t\t<label for=\"form-field-field_0131ed4\" class=\"elementor-field-label\">\n\t\t\t\t\t\t\t\tConsentement \u00e0 la D\u00e9claration de confidentialit\u00e9\t\t\t\t\t\t\t<\/label>\n\t\t\t\t\t\t\t\t<div class=\"elementor-field-subgroup\">\n\t\t\t<span class=\"elementor-field-option\">\n\t\t\t\t<input type=\"checkbox\" name=\"form_fields[field_0131ed4]\" id=\"form-field-field_0131ed4\" class=\"elementor-field elementor-size-sm  elementor-acceptance-field\" required=\"required\">\n\t\t\t\t<label for=\"form-field-field_0131ed4\" class=\"translation-block\">En soumettant ce formulaire, vous reconnaissez avoir lu et accept\u00e9 notre <a href=\"https:\/\/home.firstcanadian.ca\/fr\/privacy-policy\/\" target=\"_self\">D\u00e9claration de confidentialit\u00e9.<\/a> Nous collecterons et utiliserons vos informations uniquement dans le but de r\u00e9pondre \u00e0 votre demande, de vous fournir des renseignements sur nos produits et services, et comme d\u00e9crit dans notre D\u00e9claration de confidentialit\u00e9. Nous pouvons utiliser les renseignements que vous fournissez pour vous envoyer des mises \u00e0 jour ou des documents pertinents concernant nos offres.<\/label>\t\t\t<\/span>\n\t\t<\/div>\n\t\t\t\t\t\t<\/div>\n\t\t\t\t\t\t\t\t<div class=\"elementor-field-type-acceptance elementor-field-group elementor-column elementor-field-group-field_ce79897 elementor-col-100\">\n\t\t\t\t\t\t\t<div class=\"elementor-field-subgroup\">\n\t\t\t<span class=\"elementor-field-option\">\n\t\t\t\t<input type=\"checkbox\" name=\"form_fields[field_ce79897]\" id=\"form-field-field_ce79897\" class=\"elementor-field elementor-size-sm  elementor-acceptance-field\">\n\t\t\t\t<label for=\"form-field-field_ce79897\">Oui, je souhaite recevoir des actualit\u00e9s, des mises \u00e0 jour et des promotions de la part de FC Tech. Je comprends que je peux retirer mon consentement \u00e0 tout moment en cliquant sur \u00ab se d\u00e9sabonner \u00bb dans n'importe quel courriel ou en nous contactant \u00e0 <a href=\"mailto:info@fctech.ca\">info@fctech.ca.<\/a><\/label>\t\t\t<\/span>\n\t\t<\/div>\n\t\t\t\t\t\t<\/div>\n\t\t\t\t\t\t\t\t<div class=\"elementor-field-type-html elementor-field-group elementor-column elementor-field-group-field_1ea7c92 elementor-col-100\">\n\t\t\t\t\tFC Tech est situ\u00e9 au <a href=\"https:\/\/www.google.com\/maps\/search\/320+Sioux+Rd,+Sherwood+Park,+AB+T8A+3X6?entry=gmail&source=g\">320 Sioux Rd, Sherwood Park, AB T8A 3X6. <\/a>Vous pouvez nous joindre \u00e0 <a href=\"mailto:info@fctech.ca\">info@fctech.ca.<\/a>\t\t\t\t<\/div>\n\t\t\t\t\t\t\t\t<div class=\"elementor-field-group elementor-column elementor-field-type-submit elementor-col-100 e-form__buttons\">\n\t\t\t\t\t<button class=\"elementor-button elementor-size-sm\" type=\"submit\">\n\t\t\t\t\t\t<span class=\"elementor-button-content-wrapper\">\n\t\t\t\t\t\t\t\t\t\t\t\t\t\t\t\t\t\t\t\t\t\t<span class=\"elementor-button-text\">Envoyer<\/span>\n\t\t\t\t\t\t\t\t\t\t\t\t\t<\/span>\n\t\t\t\t\t<\/button>\n\t\t\t\t<\/div>\n\t\t\t<\/div>\n\t\t<input type=\"hidden\" name=\"trp-form-language\" value=\"fr\"\/><\/form>\n\t\t\t\t\t\t<\/div>\n\t\t\t\t<\/div>\n\t\t\t\t<\/div>\n\t\t\t\t\t<\/div>\n\t\t\t\t<\/div>\n\t\t\t\t<\/div>","protected":false},"excerpt":{"rendered":"<p>We are here to help you! Email : info@fctech.ca Thank you for your interest in our solutions for auto dealerships. Please fill out the following details so that we can better understand your requirements and assist you accordingly.<\/p>","protected":false},"author":1,"featured_media":0,"parent":0,"menu_order":0,"comment_status":"closed","ping_status":"closed","template":"","meta":{"footnotes":""},"class_list":["post-133","page","type-page","status-publish","hentry"],"_links":{"self":[{"href":"https:\/\/fctech.ca\/fr\/wp-json\/wp\/v2\/pages\/133","targetHints":{"allow":["GET"]}}],"collection":[{"href":"https:\/\/fctech.ca\/fr\/wp-json\/wp\/v2\/pages"}],"about":[{"href":"https:\/\/fctech.ca\/fr\/wp-json\/wp\/v2\/types\/page"}],"author":[{"embeddable":true,"href":"https:\/\/fctech.ca\/fr\/wp-json\/wp\/v2\/users\/1"}],"replies":[{"embeddable":true,"href":"https:\/\/fctech.ca\/fr\/wp-json\/wp\/v2\/comments?post=133"}],"version-history":[{"count":159,"href":"https:\/\/fctech.ca\/fr\/wp-json\/wp\/v2\/pages\/133\/revisions"}],"predecessor-version":[{"id":1363,"href":"https:\/\/fctech.ca\/fr\/wp-json\/wp\/v2\/pages\/133\/revisions\/1363"}],"wp:attachment":[{"href":"https:\/\/fctech.ca\/fr\/wp-json\/wp\/v2\/media?parent=133"}],"curies":[{"name":"wp","href":"https:\/\/api.w.org\/{rel}","templated":true}]}}