{"id":131,"date":"2023-09-19T14:03:26","date_gmt":"2023-09-19T20:03:26","guid":{"rendered":"https:\/\/fctech.pderaswebsites.com\/?page_id=131"},"modified":"2025-03-25T17:05:29","modified_gmt":"2025-03-25T23:05:29","slug":"what-we-offer","status":"publish","type":"page","link":"https:\/\/fctech.ca\/fr\/what-we-offer\/","title":{"rendered":"Ce que nous offrons"},"content":{"rendered":"<div data-elementor-type=\"wp-page\" data-elementor-id=\"131\" class=\"elementor elementor-131\" data-elementor-post-type=\"page\">\n\t\t\t\t<div data-particle_enable=\"false\" data-particle-mobile-disabled=\"false\" class=\"elementor-element elementor-element-db27825 e-flex e-con-boxed e-con e-parent\" data-id=\"db27825\" data-element_type=\"container\">\n\t\t\t\t\t<div class=\"e-con-inner\">\n\t\t<a class=\"eael-wrapper-link-11eadd7 --eael-wrapper-link-tag\" href=\"https:\/\/fctech.ca\/fr\/fc-resource\/\"><\/a><div data-eael-wrapper-link=\"eael-wrapper-link-11eadd7\" data-particle_enable=\"false\" data-particle-mobile-disabled=\"false\" class=\"elementor-element elementor-element-11eadd7 e-con-full animated-slow e-flex elementor-invisible e-con e-child\" data-id=\"11eadd7\" data-element_type=\"container\" data-settings=\"{&quot;background_background&quot;:&quot;classic&quot;,&quot;animation&quot;:&quot;fadeInUp&quot;,&quot;animation_delay&quot;:100}\">\n\t\t\t\t<div class=\"elementor-element elementor-element-069e6d9 elementor-widget elementor-widget-eael-svg-draw\" data-id=\"069e6d9\" data-element_type=\"widget\" data-widget_type=\"eael-svg-draw.default\">\n\t\t\t\t<div class=\"elementor-widget-container\">\n\t\t\t\t\t<div class=\"eael-svg-draw-container page-load\" data-settings=\"{&quot;fill_type&quot;:&quot;after&quot;,&quot;fill_color&quot;:&quot;#D8C2F3&quot;,&quot;start_point&quot;:&quot;95%&quot;,&quot;end_point&quot;:&quot;10%&quot;,&quot;marker&quot;:false,&quot;loop&quot;:&quot;yes&quot;,&quot;loop_delay&quot;:1.5,&quot;pause&quot;:&quot;no&quot;,&quot;direction&quot;:&quot;restart&quot;,&quot;excludeStyle&quot;:&quot;yes&quot;,&quot;transition&quot;:&quot;2&quot;,&quot;stroke_length&quot;:100,&quot;ease_type&quot;:&quot;none&quot;,&quot;speed&quot;:0.75}\"><svg xmlns=\"http:\/\/www.w3.org\/2000\/svg\" xmlns:xlink=\"http:\/\/www.w3.org\/1999\/xlink\" width=\"90.075\" height=\"89.496\" viewbox=\"0 0 90.075 89.496\"><defs><clippath id=\"clip-path\"><rect id=\"Rectangle_539\" data-name=\"Rectangle 539\" width=\"90.075\" height=\"89.496\" transform=\"translate(0 0)\" fill=\"none\"><\/rect><\/clippath><\/defs><g id=\"Group_224\" data-name=\"Group 224\" transform=\"translate(0 0)\"><g id=\"Group_223\" data-name=\"Group 223\" clip-path=\"url(#clip-path)\"><path id=\"Path_75\" data-name=\"Path 75\" d=\"M88.728,82.1a14.5,14.5,0,0,1-7.4,7.4H77.385c-3.17-2.519-6.681-4.713-9.452-7.614Q49.808,62.9,32.073,43.545c-2.514-2.727-5.189-3.468-8.592-2.324-1.864.626-3.747,1.215-5.656,1.681a7.472,7.472,0,0,1-7.065-1.878A31.987,31.987,0,0,1,.208,22.03c-.352-2.062.129-4.266.228-6.405l.7-.03L14.154,28.667,27.9,14.913,14.209,1.3c2.627-.2,4.664-.717,6.575-.422A31.019,31.019,0,0,1,35.968,7.446c7.008,5.737,7.6,7.491,4.721,16.078-1.309,3.9-.673,6.788,2.447,9.649Q62.48,50.912,81.488,69.016c2.784,2.657,4.846,6.071,7.24,9.136ZM10.313,89.5c2.952-2.146,6.186-4,8.8-6.5,7.015-6.69,13.768-13.654,20.621-20.514.629-.629,1.233-1.284,2.041-2.129L29.637,47.228c-.643.568-1.144.965-1.592,1.413Q16.533,60.14,5.053,71.668a24.411,24.411,0,0,0-3.538,4.4c-2.888,4.75-1.562,9.577,3.249,12.421.543.321,1.069.671,1.6,1.008h3.946M57.387,40.734c6.249-6.258-3.96,3.939,2.168-2.2,4.243-4.248,7.631-8.754,12.059-12.8,1.446-1.321,4.12-4.239,7.464-3.567a1.746,1.746,0,0,0,1.365-.226,5.115,5.115,0,0,0,1.709-1.3c3.143-4.22,4.713-8.085,7.923-12.578L80.767,0C77.01,2.682,72.521,5.862,68.072,9.1c-.551.4-1.332,1.162-1.258,1.64.651,4.21-2.633,6.051-4.962,8.4C52.1,28.949,58.622,22.365,48.5,32.467l8.883,8.267\" fill=\"#ee2e24\"><\/path><\/g><\/g><\/svg> <\/div>\t\t\t\t<\/div>\n\t\t\t\t<\/div>\n\t\t\t\t<div class=\"elementor-element elementor-element-f6d04bc elementor-widget elementor-widget-heading\" data-id=\"f6d04bc\" data-element_type=\"widget\" data-widget_type=\"heading.default\">\n\t\t\t\t<div class=\"elementor-widget-container\">\n\t\t\t\t\t<h4 class=\"elementor-heading-title elementor-size-default\"><a href=\"https:\/\/fctech.ca\/fr\/fc-resource\/\">Centre de ressources FC<\/a><\/h4>\t\t\t\t<\/div>\n\t\t\t\t<\/div>\n\t\t\t\t<div class=\"elementor-element elementor-element-e564602 elementor-widget elementor-widget-text-editor\" data-id=\"e564602\" data-element_type=\"widget\" data-widget_type=\"text-editor.default\">\n\t\t\t\t<div class=\"elementor-widget-container\">\n\t\t\t\t\t\t\t\t\t<p><span style=\"font-weight: 400;\">Votre point central pour tous nos outils destin\u00e9s aux concessionnaires et analyses en temps r\u00e9el. <\/span><\/p>\t\t\t\t\t\t\t\t<\/div>\n\t\t\t\t<\/div>\n\t\t\t\t<\/div>\n\t\t<a class=\"eael-wrapper-link-22c2e26 --eael-wrapper-link-tag\" href=\"https:\/\/fctech.ca\/fr\/fc-drive\/\"><\/a><div data-eael-wrapper-link=\"eael-wrapper-link-22c2e26\" data-particle_enable=\"false\" data-particle-mobile-disabled=\"false\" class=\"elementor-element elementor-element-22c2e26 e-con-full animated-slow e-flex elementor-invisible e-con e-child\" data-id=\"22c2e26\" data-element_type=\"container\" data-settings=\"{&quot;background_background&quot;:&quot;classic&quot;,&quot;animation&quot;:&quot;fadeInUp&quot;,&quot;animation_delay&quot;:100}\">\n\t\t\t\t<div class=\"elementor-element elementor-element-46c9670 elementor-widget elementor-widget-eael-svg-draw\" data-id=\"46c9670\" data-element_type=\"widget\" data-widget_type=\"eael-svg-draw.default\">\n\t\t\t\t<div class=\"elementor-widget-container\">\n\t\t\t\t\t<div class=\"eael-svg-draw-container page-load\" data-settings=\"{&quot;fill_type&quot;:&quot;after&quot;,&quot;fill_color&quot;:&quot;#D8C2F3&quot;,&quot;start_point&quot;:&quot;95%&quot;,&quot;end_point&quot;:&quot;10%&quot;,&quot;marker&quot;:false,&quot;loop&quot;:&quot;yes&quot;,&quot;loop_delay&quot;:1.5,&quot;pause&quot;:&quot;no&quot;,&quot;direction&quot;:&quot;reverse&quot;,&quot;excludeStyle&quot;:&quot;yes&quot;,&quot;transition&quot;:&quot;2&quot;,&quot;stroke_length&quot;:100,&quot;ease_type&quot;:&quot;none&quot;,&quot;speed&quot;:0.75}\"><svg xmlns=\"http:\/\/www.w3.org\/2000\/svg\" xmlns:xlink=\"http:\/\/www.w3.org\/1999\/xlink\" width=\"115\" height=\"73.841\" viewbox=\"0 0 115 73.841\"><defs><clippath id=\"clip-path\"><rect id=\"Rectangle_535\" data-name=\"Rectangle 535\" width=\"115\" height=\"73.841\" fill=\"none\"><\/rect><\/clippath><\/defs><g id=\"Group_216\" data-name=\"Group 216\" transform=\"translate(0 0)\"><g id=\"Group_215\" data-name=\"Group 215\" transform=\"translate(0 0)\" clip-path=\"url(#clip-path)\"><path id=\"Path_3\" data-name=\"Path 3\" d=\"M0,63.131C12.045,33.307,37.673,13.3,60.681,13.3c15.918,0,29.048,9.239,36.025,24.211l16.392-5.9C105.39,12.141,89.041,0,69.563,0,43.1,0,13.6,23.3,1.548,58.236\" transform=\"translate(0 0)\" fill=\"#ee2e24\"><\/path><path id=\"Path_4\" data-name=\"Path 4\" d=\"M56.4,69.435c-1.173,5.833,1.732,10.71,6.528,10.71a8.255,8.255,0,0,0,4.234-1.258l.036-.025c.2-.126.4-.254.6-.394l55.437-36.231.126-.074c.316-.187.117-.732-.225-.606l-.18.066L64.575,59.648v0c-3.766,1.055-7.213,4.979-8.176,9.783\" transform=\"translate(-8.52 -6.304)\" fill=\"#ee2e24\"><\/path><\/g><\/g><\/svg> <\/div>\t\t\t\t<\/div>\n\t\t\t\t<\/div>\n\t\t\t\t<div class=\"elementor-element elementor-element-59e9407 elementor-widget elementor-widget-heading\" data-id=\"59e9407\" data-element_type=\"widget\" data-widget_type=\"heading.default\">\n\t\t\t\t<div class=\"elementor-widget-container\">\n\t\t\t\t\t<h4 class=\"elementor-heading-title elementor-size-default\"><a href=\"https:\/\/fctech.ca\/fr\/fc-drive\/\">FC Drive<\/a><\/h4>\t\t\t\t<\/div>\n\t\t\t\t<\/div>\n\t\t\t\t<div class=\"elementor-element elementor-element-46a38eb elementor-widget elementor-widget-text-editor\" data-id=\"46a38eb\" data-element_type=\"widget\" data-widget_type=\"text-editor.default\">\n\t\t\t\t<div class=\"elementor-widget-container\">\n\t\t\t\t\t\t\t\t\t<p><span style=\"font-weight: 400;\">L'outil de pr\u00e9sentation le plus complet du secteur pour le bureau des services financiers.<\/span><\/p>\t\t\t\t\t\t\t\t<\/div>\n\t\t\t\t<\/div>\n\t\t\t\t<\/div>\n\t\t<a class=\"eael-wrapper-link-6ad6bee --eael-wrapper-link-tag\" href=\"https:\/\/fctech.ca\/fr\/fc-secure-sign\/\"><\/a><div data-eael-wrapper-link=\"eael-wrapper-link-6ad6bee\" data-particle_enable=\"false\" data-particle-mobile-disabled=\"false\" class=\"elementor-element elementor-element-6ad6bee e-con-full animated-slow e-flex elementor-invisible e-con e-child\" data-id=\"6ad6bee\" data-element_type=\"container\" data-settings=\"{&quot;background_background&quot;:&quot;classic&quot;,&quot;animation&quot;:&quot;fadeInUp&quot;,&quot;animation_delay&quot;:100}\">\n\t\t\t\t<div class=\"elementor-element elementor-element-104ef67 elementor-widget elementor-widget-eael-svg-draw\" data-id=\"104ef67\" data-element_type=\"widget\" data-widget_type=\"eael-svg-draw.default\">\n\t\t\t\t<div class=\"elementor-widget-container\">\n\t\t\t\t\t<div class=\"eael-svg-draw-container page-load\" data-settings=\"{&quot;fill_type&quot;:&quot;after&quot;,&quot;fill_color&quot;:&quot;#D8C2F3&quot;,&quot;start_point&quot;:&quot;95%&quot;,&quot;end_point&quot;:&quot;10%&quot;,&quot;marker&quot;:false,&quot;loop&quot;:&quot;yes&quot;,&quot;loop_delay&quot;:1.5,&quot;pause&quot;:&quot;no&quot;,&quot;direction&quot;:&quot;reverse&quot;,&quot;excludeStyle&quot;:&quot;&quot;,&quot;transition&quot;:&quot;2&quot;,&quot;stroke_length&quot;:100,&quot;ease_type&quot;:&quot;none&quot;,&quot;speed&quot;:0.75}\"><svg xmlns=\"http:\/\/www.w3.org\/2000\/svg\" xmlns:xlink=\"http:\/\/www.w3.org\/1999\/xlink\" id=\"Group_218\" data-name=\"Group 218\" width=\"85.659\" height=\"100.411\" viewbox=\"0 0 85.659 100.411\"><defs><clippath id=\"clip-path\"><rect id=\"Rectangle_536\" data-name=\"Rectangle 536\" width=\"85.659\" height=\"100.411\" fill=\"none\"><\/rect><\/clippath><\/defs><g id=\"Group_217\" data-name=\"Group 217\" transform=\"translate(0 0)\" clip-path=\"url(#clip-path)\"><path id=\"Path_5\" data-name=\"Path 5\" d=\"M97.983,25.34\" transform=\"translate(-19.775 -5.114)\"><\/path><path id=\"Path_6\" data-name=\"Path 6\" d=\"M75.324,18.383\" transform=\"translate(-15.202 -3.71)\"><\/path><path id=\"Path_7\" data-name=\"Path 7\" d=\"M85.392,23.558a2.506,2.506,0,0,0-2.023-2.245c-1.8-.348-5.161-1.086-5.161-1.086l1.426-2.707c.032-.053.065-.109.093-.164a.936.936,0,0,0,.059-.129l2.031-3.858c.006-.009.009-.021.015-.03l.029-.056A9.292,9.292,0,0,0,65.433,4.631c-.009.015-.014.03-.021.042a.263.263,0,0,0-.023.041L63.252,8.756l-3.127,5.917c-8.735-3.6-13.311-7.251-15.5-9.5a2.5,2.5,0,0,0-3.586,0C37.4,8.905,27.281,16.5,2.289,21.309A2.506,2.506,0,0,0,.267,23.554c-.846,9.807-2.243,59.188,40.754,76.5a4.849,4.849,0,0,0,3.625,0c42.99-17.31,41.593-66.694,40.747-76.5M69.435,6.923a4.68,4.68,0,0,1,8.273,4.356l-1,1.9L68.419,8.85ZM61.153,22.594l3.308-6.262,1.8-3.4,8.3,4.329L73.588,19.1l-3.358,6.379L53.038,58.134a12.692,12.692,0,0,1-8.338-4.4ZM48.383,61.755l-4.008,2.687-.044-4.824a17.406,17.406,0,0,0,1.956,1.209,17.6,17.6,0,0,0,2.1.927M74.745,56.9c-5.29,16.918-15.49,28.889-30.34,35.619a3.805,3.805,0,0,1-3.147,0C26.406,85.785,16.2,73.814,10.914,56.9a91.346,91.346,0,0,1-3.87-27.358,2.532,2.532,0,0,1,1.979-2.447c16.675-3.783,26.593-8.876,32.331-13a2.533,2.533,0,0,1,2.951,0,64.212,64.212,0,0,0,12.53,6.815L39.946,52.871l-.009.014c-.014.03-.026.059-.041.088s-.038.079-.056.121l0,.006c0,.009-.006.018-.009.026s0,.012-.006.014c-.021.056-.041.112-.058.17a1.078,1.078,0,0,0-.027.109c-.009.038-.02.073-.026.111s-.014.1-.023.152c0,.021-.006.041-.009.061v.009c0,.044-.006.088-.006.132s0,.058,0,.088v.023L39.8,67.7H26.45a1.695,1.695,0,1,0,0,3.39H42.112a1.643,1.643,0,0,0,.67-.14,2.258,2.258,0,0,0,.611-.29l12.287-8.235,0,0c.061-.041.117-.085.176-.132.006,0,.011-.009.018-.012a.073.073,0,0,1,.018-.014c.044-.038.088-.079.132-.12a.161.161,0,0,0,.023-.024,1.558,1.558,0,0,0,.132-.149c.012-.014.026-.032.038-.049.029-.035.055-.073.081-.112a.2.2,0,0,1,.021-.026l0,0c.006-.012.014-.021.02-.033a.939.939,0,0,0,.07-.123.36.36,0,0,0,.024-.041s0-.009.006-.012L74.83,26.64l1.8.448a2.54,2.54,0,0,1,1.979,2.448A91.321,91.321,0,0,1,74.745,56.9\" transform=\"translate(0 0)\" fill=\"#ee2e24\"><\/path><\/g><\/svg> <\/div>\t\t\t\t<\/div>\n\t\t\t\t<\/div>\n\t\t\t\t<div class=\"elementor-element elementor-element-57c3b25 elementor-widget elementor-widget-heading\" data-id=\"57c3b25\" data-element_type=\"widget\" data-widget_type=\"heading.default\">\n\t\t\t\t<div class=\"elementor-widget-container\">\n\t\t\t\t\t<h4 class=\"elementor-heading-title elementor-size-default\"><a href=\"https:\/\/fctech.ca\/fr\/fc-secure-sign\/\">FC Secure Sign<\/a><\/h4>\t\t\t\t<\/div>\n\t\t\t\t<\/div>\n\t\t\t\t<div class=\"elementor-element elementor-element-6a5f7a5 elementor-widget elementor-widget-text-editor\" data-id=\"6a5f7a5\" data-element_type=\"widget\" data-widget_type=\"text-editor.default\">\n\t\t\t\t<div class=\"elementor-widget-container\">\n\t\t\t\t\t\t\t\t\t<p><span style=\"font-weight: 400;\">S\u00e9curis\u00e9 et facile \u00e0 utiliser. Signez \u00e9lectroniquement des documents partout et \u00e0 tout moment.<\/span><\/p>\t\t\t\t\t\t\t\t<\/div>\n\t\t\t\t<\/div>\n\t\t\t\t<\/div>\n\t\t<a class=\"eael-wrapper-link-5aca56c --eael-wrapper-link-tag\" href=\"https:\/\/fctech.ca\/fr\/fc-academy\/\"><\/a><div data-eael-wrapper-link=\"eael-wrapper-link-5aca56c\" data-particle_enable=\"false\" data-particle-mobile-disabled=\"false\" class=\"elementor-element elementor-element-5aca56c e-con-full animated-slow e-flex elementor-invisible e-con e-child\" data-id=\"5aca56c\" data-element_type=\"container\" data-settings=\"{&quot;background_background&quot;:&quot;classic&quot;,&quot;animation&quot;:&quot;fadeInUp&quot;,&quot;animation_delay&quot;:100}\">\n\t\t\t\t<div class=\"elementor-element elementor-element-c464d1e elementor-widget elementor-widget-eael-svg-draw\" data-id=\"c464d1e\" data-element_type=\"widget\" data-widget_type=\"eael-svg-draw.default\">\n\t\t\t\t<div class=\"elementor-widget-container\">\n\t\t\t\t\t<div class=\"eael-svg-draw-container page-load\" data-settings=\"{&quot;fill_type&quot;:&quot;after&quot;,&quot;fill_color&quot;:&quot;#D8C2F3&quot;,&quot;start_point&quot;:&quot;95%&quot;,&quot;end_point&quot;:&quot;10%&quot;,&quot;marker&quot;:false,&quot;loop&quot;:&quot;yes&quot;,&quot;loop_delay&quot;:1.5,&quot;pause&quot;:&quot;no&quot;,&quot;direction&quot;:&quot;reverse&quot;,&quot;excludeStyle&quot;:&quot;no&quot;,&quot;transition&quot;:&quot;2&quot;,&quot;stroke_length&quot;:100,&quot;ease_type&quot;:&quot;none&quot;,&quot;speed&quot;:0.75}\"><svg class='svg-inline--fas-fa-graduation-cap  eael-svg-icon' aria-hidden='true' role='img' xmlns='http:\/\/www.w3.org\/2000\/svg' viewbox='0 0 640 512'><path d='M622.34 153.2L343.4 67.5c-15.2-4.67-31.6-4.67-46.79 0L17.66 153.2c-23.54 7.23-23.54 38.36 0 45.59l48.63 14.94c-10.67 13.19-17.23 29.28-17.88 46.9C38.78 266.15 32 276.11 32 288c0 10.78 5.68 19.85 13.86 25.65L20.33 428.53C18.11 438.52 25.71 448 35.94 448h56.11c10.24 0 17.84-9.48 15.62-19.47L82.14 313.65C90.32 307.85 96 298.78 96 288c0-11.57-6.47-21.25-15.66-26.87.76-15.02 8.44-28.3 20.69-36.72L296.6 284.5c9.06 2.78 26.44 6.25 46.79 0l278.95-85.7c23.55-7.24 23.55-38.36 0-45.6zM352.79 315.09c-28.53 8.76-52.84 3.92-65.59 0l-145.02-44.55L128 384c0 35.35 85.96 64 192 64s192-28.65 192-64l-14.18-113.47-145.03 44.56z'><\/path><\/svg> <\/div>\t\t\t\t<\/div>\n\t\t\t\t<\/div>\n\t\t\t\t<div class=\"elementor-element elementor-element-1b12e70 elementor-widget elementor-widget-heading\" data-id=\"1b12e70\" data-element_type=\"widget\" data-widget_type=\"heading.default\">\n\t\t\t\t<div class=\"elementor-widget-container\">\n\t\t\t\t\t<h4 class=\"elementor-heading-title elementor-size-default\"><a href=\"https:\/\/fctech.ca\/fr\/fc-academy\/\">Acad\u00e9mie FC<\/a><\/h4>\t\t\t\t<\/div>\n\t\t\t\t<\/div>\n\t\t\t\t<div class=\"elementor-element elementor-element-db4c980 elementor-widget elementor-widget-text-editor\" data-id=\"db4c980\" data-element_type=\"widget\" data-widget_type=\"text-editor.default\">\n\t\t\t\t<div class=\"elementor-widget-container\">\n\t\t\t\t\t\t\t\t\t<p><span style=\"font-weight: 400;\">Donnez \u00e0 votre \u00e9quipe les moyens d'agir gr\u00e2ce au contenu de formation et de d\u00e9veloppement le plus complet du secteur. Distribuez facilement votre propre contenu personnalis\u00e9 \u00e0 travers notre plateforme s\u00e9curis\u00e9e et personnalisable. <\/span><\/p>\t\t\t\t\t\t\t\t<\/div>\n\t\t\t\t<\/div>\n\t\t\t\t<\/div>\n\t\t<a class=\"eael-wrapper-link-9939e4b --eael-wrapper-link-tag\" href=\"https:\/\/fctech.ca\/fr\/fc-service-portal\/\"><\/a><div data-eael-wrapper-link=\"eael-wrapper-link-9939e4b\" data-particle_enable=\"false\" data-particle-mobile-disabled=\"false\" class=\"elementor-element elementor-element-9939e4b e-con-full animated-slow e-flex elementor-invisible e-con e-child\" data-id=\"9939e4b\" data-element_type=\"container\" data-settings=\"{&quot;background_background&quot;:&quot;classic&quot;,&quot;animation&quot;:&quot;fadeInUp&quot;,&quot;animation_delay&quot;:100}\">\n\t\t\t\t<div class=\"elementor-element elementor-element-6ea3725 elementor-widget elementor-widget-eael-svg-draw\" data-id=\"6ea3725\" data-element_type=\"widget\" data-widget_type=\"eael-svg-draw.default\">\n\t\t\t\t<div class=\"elementor-widget-container\">\n\t\t\t\t\t<div class=\"eael-svg-draw-container page-load\" data-settings=\"{&quot;fill_type&quot;:&quot;after&quot;,&quot;fill_color&quot;:&quot;#D8C2F3&quot;,&quot;start_point&quot;:&quot;95%&quot;,&quot;end_point&quot;:&quot;10%&quot;,&quot;marker&quot;:false,&quot;loop&quot;:&quot;yes&quot;,&quot;loop_delay&quot;:1.5,&quot;pause&quot;:&quot;no&quot;,&quot;direction&quot;:&quot;reverse&quot;,&quot;excludeStyle&quot;:&quot;no&quot;,&quot;transition&quot;:&quot;2&quot;,&quot;stroke_length&quot;:100,&quot;ease_type&quot;:&quot;none&quot;,&quot;speed&quot;:0.75}\"><svg xmlns=\"http:\/\/www.w3.org\/2000\/svg\" xmlns:xlink=\"http:\/\/www.w3.org\/1999\/xlink\" width=\"94.492\" height=\"89.778\" viewbox=\"0 0 94.492 89.778\"><defs><clippath id=\"clip-path\"><rect id=\"Rectangle_538\" data-name=\"Rectangle 538\" width=\"94.492\" height=\"89.778\" transform=\"translate(0 0)\" fill=\"none\"><\/rect><\/clippath><\/defs><g id=\"Group_222\" data-name=\"Group 222\" transform=\"translate(0 0)\"><g id=\"Group_221\" data-name=\"Group 221\" clip-path=\"url(#clip-path)\"><path id=\"Path_74\" data-name=\"Path 74\" d=\"M84.852,58.82c.047-.709.189-1.418.189-2.126v2.362ZM37.8,56.694a23.353,23.353,0,0,0,1.984,9.449H14.173v4.724a4.738,4.738,0,0,1-4.724,4.725H4.724A4.738,4.738,0,0,1,0,70.867v-37.8L9.827,4.724A7.08,7.08,0,0,1,16.536,0H68.5a7.08,7.08,0,0,1,6.709,4.724l9.827,28.347V56.694a23.622,23.622,0,1,0-47.245,0M23.622,44.882a7.086,7.086,0,1,0-7.086,7.087,7.076,7.076,0,0,0,7.086-7.087m51.97-16.535L68.5,7.086H16.536L9.449,28.347H75.592M93.876,81.214,74.458,61.8A13.587,13.587,0,0,0,71.246,47.1a14,14,0,0,0-15.78-2.787l9.165,9.165-6.378,6.425-9.4-9.212a14.009,14.009,0,0,0,2.788,15.827,13.75,13.75,0,0,0,14.74,3.212L85.8,89.1a1.982,1.982,0,0,0,2.977,0l4.913-4.866a1.979,1.979,0,0,0,.189-3.024\" fill=\"#ee2e24\"><\/path><\/g><\/g><\/svg> <\/div>\t\t\t\t<\/div>\n\t\t\t\t<\/div>\n\t\t\t\t<div class=\"elementor-element elementor-element-d097984 elementor-widget elementor-widget-heading\" data-id=\"d097984\" data-element_type=\"widget\" data-widget_type=\"heading.default\">\n\t\t\t\t<div class=\"elementor-widget-container\">\n\t\t\t\t\t<h4 class=\"elementor-heading-title elementor-size-default\"><a href=\"https:\/\/fctech.ca\/fr\/fc-service-portal\/\">FC Service Portal<\/a><\/h4>\t\t\t\t<\/div>\n\t\t\t\t<\/div>\n\t\t\t\t<div class=\"elementor-element elementor-element-d920d2c elementor-widget elementor-widget-text-editor\" data-id=\"d920d2c\" data-element_type=\"widget\" data-widget_type=\"text-editor.default\">\n\t\t\t\t<div class=\"elementor-widget-container\">\n\t\t\t\t\t\t\t\t\t<p><span style=\"font-weight: 400;\">G\u00e9rez et suivez facilement les demandes de r\u00e8glement gr\u00e2ce \u00e0 notre application efficace et conviviale, con\u00e7ue pour rationaliser l'ensemble du processus.<\/span><\/p>\t\t\t\t\t\t\t\t<\/div>\n\t\t\t\t<\/div>\n\t\t\t\t<\/div>\n\t\t\t\t\t<\/div>\n\t\t\t\t<\/div>\n\t\t\t\t<\/div>","protected":false},"excerpt":{"rendered":"<p>FC Resource Center Your centralized hub for all our dealership tools and real-time analytics. FC Drive The industry\u2019s most comprehensive presentation tool for the Financial Services Office. FC Secure Sign Secure and easy to use. Electronically sign documents anywhere, anytime. FC Academy Empower your team with the most comprehensive industry training and development content. Easily [&hellip;]<\/p>","protected":false},"author":1,"featured_media":0,"parent":0,"menu_order":0,"comment_status":"closed","ping_status":"closed","template":"","meta":{"footnotes":""},"class_list":["post-131","page","type-page","status-publish","hentry"],"_links":{"self":[{"href":"https:\/\/fctech.ca\/fr\/wp-json\/wp\/v2\/pages\/131","targetHints":{"allow":["GET"]}}],"collection":[{"href":"https:\/\/fctech.ca\/fr\/wp-json\/wp\/v2\/pages"}],"about":[{"href":"https:\/\/fctech.ca\/fr\/wp-json\/wp\/v2\/types\/page"}],"author":[{"embeddable":true,"href":"https:\/\/fctech.ca\/fr\/wp-json\/wp\/v2\/users\/1"}],"replies":[{"embeddable":true,"href":"https:\/\/fctech.ca\/fr\/wp-json\/wp\/v2\/comments?post=131"}],"version-history":[{"count":16,"href":"https:\/\/fctech.ca\/fr\/wp-json\/wp\/v2\/pages\/131\/revisions"}],"predecessor-version":[{"id":1289,"href":"https:\/\/fctech.ca\/fr\/wp-json\/wp\/v2\/pages\/131\/revisions\/1289"}],"wp:attachment":[{"href":"https:\/\/fctech.ca\/fr\/wp-json\/wp\/v2\/media?parent=131"}],"curies":[{"name":"wp","href":"https:\/\/api.w.org\/{rel}","templated":true}]}}