{"id":1017,"date":"2025-02-25T09:26:38","date_gmt":"2025-02-25T16:26:38","guid":{"rendered":"https:\/\/fctech.pderaswebsites.com\/?page_id=1017"},"modified":"2025-02-27T11:44:34","modified_gmt":"2025-02-27T18:44:34","slug":"about-us","status":"publish","type":"page","link":"https:\/\/fctech.ca\/fr\/about-us\/","title":{"rendered":"\u00c0 propos de nous"},"content":{"rendered":"<div data-elementor-type=\"wp-page\" data-elementor-id=\"1017\" class=\"elementor elementor-1017\" data-elementor-post-type=\"page\">\n\t\t\t\t<div data-particle_enable=\"false\" data-particle-mobile-disabled=\"false\" class=\"elementor-element elementor-element-7d4582f e-flex e-con-boxed e-con e-parent\" data-id=\"7d4582f\" data-element_type=\"container\" data-settings=\"{&quot;background_background&quot;:&quot;classic&quot;}\">\n\t\t\t\t\t<div class=\"e-con-inner\">\n\t\t\t\t<div class=\"elementor-element elementor-element-8a9debe elementor-widget elementor-widget-heading\" data-id=\"8a9debe\" data-element_type=\"widget\" data-widget_type=\"heading.default\">\n\t\t\t\t<div class=\"elementor-widget-container\">\n\t\t\t\t\t<h2 class=\"elementor-heading-title elementor-size-default\">\u00c0 propos de nous<\/h2>\t\t\t\t<\/div>\n\t\t\t\t<\/div>\n\t\t\t\t\t<\/div>\n\t\t\t\t<\/div>\n\t\t<div data-particle_enable=\"false\" data-particle-mobile-disabled=\"false\" class=\"elementor-element elementor-element-650ba07 e-flex e-con-boxed e-con e-parent\" data-id=\"650ba07\" data-element_type=\"container\">\n\t\t\t\t\t<div class=\"e-con-inner\">\n\t\t<div data-particle_enable=\"false\" data-particle-mobile-disabled=\"false\" class=\"elementor-element elementor-element-8015af1 e-flex e-con-boxed e-con e-child\" data-id=\"8015af1\" data-element_type=\"container\">\n\t\t\t\t\t<div class=\"e-con-inner\">\n\t\t\t\t<div class=\"elementor-element elementor-element-c82e345 animated-slow elementor-invisible elementor-widget elementor-widget-heading\" data-id=\"c82e345\" data-element_type=\"widget\" data-settings=\"{&quot;_animation&quot;:&quot;fadeInUp&quot;}\" data-widget_type=\"heading.default\">\n\t\t\t\t<div class=\"elementor-widget-container\">\n\t\t\t\t\t<h2 class=\"elementor-heading-title elementor-size-default\">\u00c0 l'origine de l'innovation en technologie automobile<\/h2>\t\t\t\t<\/div>\n\t\t\t\t<\/div>\n\t\t\t\t<div class=\"elementor-element elementor-element-be27c5e elementor-invisible elementor-widget elementor-widget-text-editor\" data-id=\"be27c5e\" data-element_type=\"widget\" data-settings=\"{&quot;_animation&quot;:&quot;fadeInUp&quot;}\" data-widget_type=\"text-editor.default\">\n\t\t\t\t<div class=\"elementor-widget-container\">\n\t\t\t\t\t\t\t\t\t<p><span style=\"font-weight: 400;\">Chez FC Tech, nous r\u00e9volutionnons l'avenir des concessionnaires automobiles au Canada gr\u00e2ce \u00e0 notre technologie r\u00e9volutionnaire et \u00e0 nos solutions innovantes.<\/span><\/p><p><span style=\"font-weight: 400;\">Nous d\u00e9veloppons des outils num\u00e9riques depuis 2007 et sommes devenus l'un des principaux fournisseurs d'outils technologiques pour les concessionnaires automobiles. Forts d'une pr\u00e9sence solide \u00e0 l'\u00e9chelle nationale, nous sommes fiers de servir plus de 2 000 clients qui font confiance \u00e0 nos solutions innovantes.<\/span><\/p><p class=\"translation-block\">Notre mission est claire : fournir aux professionnels de l'automobile les outils dont ils ont besoin pour rationaliser leurs op\u00e9rations, am\u00e9liorer l'exp\u00e9rience client et favoriser l'excellence dans le secteur automobile. Nous proposons une suite d'outils con\u00e7us pour stimuler l'efficacit\u00e9 et la croissance.<\/p><p><span style=\"font-weight: 400;\">En tant que membre du Groupe financier First Canadian, nous sommes anim\u00e9s par nos valeurs fondamentales que sont l'int\u00e9grit\u00e9, la gestion, la communaut\u00e9, l'orientation client, l'\u00e9quipe d'abord, l'esprit d'entreprise et l'expertise dans notre domaine. Notre \u00e9quipe d\u00e9vou\u00e9e de professionnels certifi\u00e9s est pr\u00eate \u00e0 soutenir nos clients \u00e0 chaque \u00e9tape, en les aidant \u00e0 maximiser les avantages de notre suite technologique.<\/span><\/p><p><span style=\"font-weight: 400;\">D\u00e9couvrez comment FC Tech peut am\u00e9liorer votre concessionnaire d\u00e8s aujourd'hui. Contactez-nous pour en savoir plus sur nos solutions innovantes et d\u00e9couvrir pourquoi les concessionnaires \u00e0 travers le pays nous font confiance.<\/span><\/p>\t\t\t\t\t\t\t\t<\/div>\n\t\t\t\t<\/div>\n\t\t\t\t\t<\/div>\n\t\t\t\t<\/div>\n\t\t\t\t\t<\/div>\n\t\t\t\t<\/div>\n\t\t<div data-particle_enable=\"false\" data-particle-mobile-disabled=\"false\" class=\"elementor-element elementor-element-bb6c187 e-flex e-con-boxed e-con e-parent\" data-id=\"bb6c187\" data-element_type=\"container\">\n\t\t\t\t\t<div class=\"e-con-inner\">\n\t\t\t\t<div class=\"elementor-element elementor-element-8cec06d animated-slow elementor-invisible elementor-widget elementor-widget-heading\" data-id=\"8cec06d\" data-element_type=\"widget\" data-settings=\"{&quot;_animation&quot;:&quot;fadeInLeft&quot;}\" data-widget_type=\"heading.default\">\n\t\t\t\t<div class=\"elementor-widget-container\">\n\t\t\t\t\t<h2 class=\"elementor-heading-title elementor-size-default\">Leadership<\/h2>\t\t\t\t<\/div>\n\t\t\t\t<\/div>\n\t\t<div data-particle_enable=\"false\" data-particle-mobile-disabled=\"false\" class=\"elementor-element elementor-element-63117ed e-con-full e-flex e-con e-child\" data-id=\"63117ed\" data-element_type=\"container\">\n\t\t<div data-particle_enable=\"false\" data-particle-mobile-disabled=\"false\" class=\"elementor-element elementor-element-916d50e e-con-full e-flex e-con e-child\" data-id=\"916d50e\" data-element_type=\"container\">\n\t\t\t\t<div class=\"elementor-element elementor-element-bc3e949 animated-slow elementor-invisible elementor-widget elementor-widget-image\" data-id=\"bc3e949\" data-element_type=\"widget\" data-settings=\"{&quot;_animation&quot;:&quot;fadeInLeft&quot;}\" data-widget_type=\"image.default\">\n\t\t\t\t<div class=\"elementor-widget-container\">\n\t\t\t\t\t\t\t\t\t\t\t\t\t\t\t<img fetchpriority=\"high\" decoding=\"async\" width=\"360\" height=\"360\" src=\"https:\/\/fctech.ca\/wp-content\/uploads\/2025\/02\/Darren_Johnson-1x1-1.jpg\" class=\"attachment-full size-full wp-image-1161\" alt=\"\" srcset=\"https:\/\/fctech.ca\/wp-content\/uploads\/2025\/02\/Darren_Johnson-1x1-1.jpg 360w, https:\/\/fctech.ca\/wp-content\/uploads\/2025\/02\/Darren_Johnson-1x1-1-300x300.jpg 300w, https:\/\/fctech.ca\/wp-content\/uploads\/2025\/02\/Darren_Johnson-1x1-1-150x150.jpg 150w\" sizes=\"(max-width: 360px) 100vw, 360px\" \/>\t\t\t\t\t\t\t\t\t\t\t\t\t\t\t<\/div>\n\t\t\t\t<\/div>\n\t\t\t\t<\/div>\n\t\t<div data-particle_enable=\"false\" data-particle-mobile-disabled=\"false\" class=\"elementor-element elementor-element-073b445 e-con-full animated-slow e-flex elementor-invisible e-con e-child\" data-id=\"073b445\" data-element_type=\"container\" data-settings=\"{&quot;animation&quot;:&quot;fadeInRight&quot;}\">\n\t\t\t\t<div class=\"elementor-element elementor-element-825cf71 elementor-widget elementor-widget-heading\" data-id=\"825cf71\" data-element_type=\"widget\" data-widget_type=\"heading.default\">\n\t\t\t\t<div class=\"elementor-widget-container\">\n\t\t\t\t\t<h5 class=\"elementor-heading-title elementor-size-default\">Darren  Johnson<\/h5>\t\t\t\t<\/div>\n\t\t\t\t<\/div>\n\t\t\t\t<div class=\"elementor-element elementor-element-9268e09 elementor-widget elementor-widget-heading\" data-id=\"9268e09\" data-element_type=\"widget\" data-widget_type=\"heading.default\">\n\t\t\t\t<div class=\"elementor-widget-container\">\n\t\t\t\t\t<h5 class=\"elementor-heading-title elementor-size-default\">Directeur national \u2013 FC Tech<\/h5>\t\t\t\t<\/div>\n\t\t\t\t<\/div>\n\t\t\t\t<div class=\"elementor-element elementor-element-4f19b4e elementor-widget elementor-widget-text-editor\" data-id=\"4f19b4e\" data-element_type=\"widget\" data-widget_type=\"text-editor.default\">\n\t\t\t\t<div class=\"elementor-widget-container\">\n\t\t\t\t\t\t\t\t\t<p><span style=\"font-weight: 400;\">Darren Johnson dirige FC Tech, la division technologique du Groupe financier First Canadian qui s'occupe des clients et des concessionnaires. Fort de plus de 25 ans d'exp\u00e9rience dans les secteurs de la finance automobile et de la technologie, Darren comprend les d\u00e9fis auxquels sont confront\u00e9s les professionnels de l'industrie et ce dont ils ont besoin pour r\u00e9ussir. Depuis d\u00e9cembre 2022, il m\u00e8ne \u00e0 bien la mission de FC Tech qui consiste \u00e0 fournir des solutions logicielles innovantes qui am\u00e9liorent les performances des concessionnaires et l'exp\u00e9rience client.\u00a0<\/span><\/p>\t\t\t\t\t\t\t\t<\/div>\n\t\t\t\t<\/div>\n\t\t\t\t<\/div>\n\t\t\t\t<\/div>\n\t\t\t\t\t<\/div>\n\t\t\t\t<\/div>\n\t\t\t\t<\/div>","protected":false},"excerpt":{"rendered":"<p>Driving Innovation in Automotive Technology At FC Tech, we are revolutionizing the future of automotive dealerships in Canada with our groundbreaking technology and innovative solutions. We have been building digital tools since 2007, evolving into a premier provider of dealer technology tools across the automotive industry. With a robust presence nationwide, we proudly serve over [&hellip;]<\/p>","protected":false},"author":1,"featured_media":0,"parent":0,"menu_order":0,"comment_status":"closed","ping_status":"closed","template":"","meta":{"footnotes":""},"class_list":["post-1017","page","type-page","status-publish","hentry"],"_links":{"self":[{"href":"https:\/\/fctech.ca\/fr\/wp-json\/wp\/v2\/pages\/1017","targetHints":{"allow":["GET"]}}],"collection":[{"href":"https:\/\/fctech.ca\/fr\/wp-json\/wp\/v2\/pages"}],"about":[{"href":"https:\/\/fctech.ca\/fr\/wp-json\/wp\/v2\/types\/page"}],"author":[{"embeddable":true,"href":"https:\/\/fctech.ca\/fr\/wp-json\/wp\/v2\/users\/1"}],"replies":[{"embeddable":true,"href":"https:\/\/fctech.ca\/fr\/wp-json\/wp\/v2\/comments?post=1017"}],"version-history":[{"count":32,"href":"https:\/\/fctech.ca\/fr\/wp-json\/wp\/v2\/pages\/1017\/revisions"}],"predecessor-version":[{"id":1191,"href":"https:\/\/fctech.ca\/fr\/wp-json\/wp\/v2\/pages\/1017\/revisions\/1191"}],"wp:attachment":[{"href":"https:\/\/fctech.ca\/fr\/wp-json\/wp\/v2\/media?parent=1017"}],"curies":[{"name":"wp","href":"https:\/\/api.w.org\/{rel}","templated":true}]}}